{"id":787,"date":"2023-04-19T13:09:22","date_gmt":"2023-04-19T13:09:22","guid":{"rendered":"https:\/\/energi-trening.no\/os\/?page_id=787"},"modified":"2023-04-19T13:34:53","modified_gmt":"2023-04-19T13:34:53","slug":"gratis-provetime","status":"publish","type":"page","link":"https:\/\/energi-trening.no\/os\/gratis-provetime\/","title":{"rendered":"Gratis pr\u00f8vetime"},"content":{"rendered":"\t\t<div data-elementor-type=\"wp-page\" data-elementor-id=\"787\" class=\"elementor elementor-787\" data-elementor-post-type=\"page\">\n\t\t\t\t\t\t<section data-particle_enable=\"false\" data-particle-mobile-disabled=\"false\" class=\"elementor-section elementor-top-section elementor-element elementor-element-4fd65a04 elementor-section-full_width elementor-section-height-default elementor-section-height-default\" data-id=\"4fd65a04\" data-element_type=\"section\" data-e-type=\"section\">\n\t\t\t\t\t\t<div class=\"elementor-container elementor-column-gap-no\">\n\t\t\t\t\t<div class=\"elementor-column elementor-col-100 elementor-top-column elementor-element elementor-element-737c8599\" data-id=\"737c8599\" data-element_type=\"column\" data-e-type=\"column\">\n\t\t\t<div class=\"elementor-widget-wrap elementor-element-populated\">\n\t\t\t\t\t\t<div class=\"elementor-element elementor-element-d2c1024 elementor-widget elementor-widget-image\" data-id=\"d2c1024\" data-element_type=\"widget\" data-e-type=\"widget\" data-widget_type=\"image.default\">\n\t\t\t\t<div class=\"elementor-widget-container\">\n\t\t\t\t\t\t\t\t\t\t\t\t\t\t\t<img decoding=\"async\" width=\"145\" height=\"289\" src=\"https:\/\/energi-trening.no\/os\/wp-content\/uploads\/sites\/2\/2022\/11\/shape-pink.png\" class=\"attachment-full size-full wp-image-244\" alt=\"\" \/>\t\t\t\t\t\t\t\t\t\t\t\t\t\t\t<\/div>\n\t\t\t\t<\/div>\n\t\t\t\t\t<\/div>\n\t\t<\/div>\n\t\t\t\t\t<\/div>\n\t\t<\/section>\n\t\t\t\t<section data-particle_enable=\"false\" data-particle-mobile-disabled=\"false\" class=\"elementor-section elementor-top-section elementor-element elementor-element-5232e20 elementor-section-boxed elementor-section-height-default elementor-section-height-default\" data-id=\"5232e20\" data-element_type=\"section\" data-e-type=\"section\" data-settings=\"{&quot;background_background&quot;:&quot;classic&quot;}\">\n\t\t\t\t\t\t\t<div class=\"elementor-background-overlay\"><\/div>\n\t\t\t\t\t\t\t<div class=\"elementor-container elementor-column-gap-no\">\n\t\t\t\t\t<div class=\"elementor-column elementor-col-100 elementor-top-column elementor-element elementor-element-341fba86\" data-id=\"341fba86\" data-element_type=\"column\" data-e-type=\"column\">\n\t\t\t<div class=\"elementor-widget-wrap elementor-element-populated\">\n\t\t\t\t\t\t<div class=\"elementor-element elementor-element-296e8193 elementor-widget__width-initial elementor-widget-mobile__width-inherit elementor-widget-tablet__width-inherit elementor-widget elementor-widget-heading\" data-id=\"296e8193\" data-element_type=\"widget\" data-e-type=\"widget\" data-widget_type=\"heading.default\">\n\t\t\t\t<div class=\"elementor-widget-container\">\n\t\t\t\t\t<h2 class=\"elementor-heading-title elementor-size-default\">Gratis pr\u00f8vetime!<\/h2>\t\t\t\t<\/div>\n\t\t\t\t<\/div>\n\t\t\t\t<div class=\"elementor-element elementor-element-7411226f elementor-widget__width-initial elementor-widget-tablet__width-inherit elementor-widget elementor-widget-text-editor\" data-id=\"7411226f\" data-element_type=\"widget\" data-e-type=\"widget\" data-widget_type=\"text-editor.default\">\n\t\t\t\t<div class=\"elementor-widget-container\">\n\t\t\t\t\t\t\t\t\t<div data-id=\"62685c5f\" data-element_type=\"widget\" data-widget_type=\"text-editor.default\"><div><p><span style=\"color: #25292d\">Har du lyst til \u00e5 teste Energi Trening Os? Vi tilbyr en gratis pr\u00f8vetime slik at du kan pr\u00f8ve ut v\u00e5rt treningstilbud. Ta gjerne med en venn!<\/span><\/p><\/div><\/div>\t\t\t\t\t\t\t\t<\/div>\n\t\t\t\t<\/div>\n\t\t\t\t<div class=\"elementor-element elementor-element-3c1280e4 elementor-button-align-end elementor-mobile-button-align-stretch elementor-widget__width-initial elementor-widget-tablet__width-inherit hover-white gm-form elementor-widget-mobile__width-inherit elementor-widget elementor-widget-form\" data-id=\"3c1280e4\" data-element_type=\"widget\" data-e-type=\"widget\" id=\"kontakt\" data-settings=\"{&quot;button_width&quot;:&quot;30&quot;,&quot;button_width_mobile&quot;:&quot;100&quot;,&quot;step_next_label&quot;:&quot;Next&quot;,&quot;step_previous_label&quot;:&quot;Previous&quot;,&quot;step_type&quot;:&quot;number_text&quot;,&quot;step_icon_shape&quot;:&quot;circle&quot;}\" data-widget_type=\"form.default\">\n\t\t\t\t<div class=\"elementor-widget-container\">\n\t\t\t\t\t\t\t<form class=\"elementor-form\" method=\"post\" name=\"New Form\" aria-label=\"New Form\">\n\t\t\t<input type=\"hidden\" name=\"post_id\" value=\"787\"\/>\n\t\t\t<input type=\"hidden\" name=\"form_id\" value=\"3c1280e4\"\/>\n\t\t\t<input type=\"hidden\" name=\"referer_title\" value=\"Energi Trening | Os\" \/>\n\n\t\t\t\n\t\t\t<div class=\"elementor-form-fields-wrapper elementor-labels-\">\n\t\t\t\t\t\t\t\t<div class=\"elementor-field-type-text elementor-field-group elementor-column elementor-field-group-firstname elementor-col-50 elementor-field-required\">\n\t\t\t\t\t\t\t\t\t\t\t\t<label for=\"form-field-firstname\" class=\"elementor-field-label elementor-screen-only\">\n\t\t\t\t\t\t\t\tFornavn\t\t\t\t\t\t\t<\/label>\n\t\t\t\t\t\t\t\t\t\t\t\t\t\t<input size=\"1\" type=\"text\" name=\"form_fields[firstname]\" id=\"form-field-firstname\" class=\"elementor-field elementor-size-lg  elementor-field-textual\" placeholder=\"Fornavn\" required=\"required\">\n\t\t\t\t\t\t\t\t\t\t\t<\/div>\n\t\t\t\t\t\t\t\t<div class=\"elementor-field-type-text elementor-field-group elementor-column elementor-field-group-surname elementor-col-50 elementor-field-required\">\n\t\t\t\t\t\t\t\t\t\t\t\t<label for=\"form-field-surname\" class=\"elementor-field-label elementor-screen-only\">\n\t\t\t\t\t\t\t\tEtternavn\t\t\t\t\t\t\t<\/label>\n\t\t\t\t\t\t\t\t\t\t\t\t\t\t<input size=\"1\" type=\"text\" name=\"form_fields[surname]\" id=\"form-field-surname\" class=\"elementor-field elementor-size-lg  elementor-field-textual\" placeholder=\"Etternavn\" required=\"required\">\n\t\t\t\t\t\t\t\t\t\t\t<\/div>\n\t\t\t\t\t\t\t\t<div class=\"elementor-field-type-email elementor-field-group elementor-column elementor-field-group-email elementor-col-50 elementor-field-required\">\n\t\t\t\t\t\t\t\t\t\t\t\t<label for=\"form-field-email\" class=\"elementor-field-label elementor-screen-only\">\n\t\t\t\t\t\t\t\tE-post\t\t\t\t\t\t\t<\/label>\n\t\t\t\t\t\t\t\t\t\t\t\t\t\t<input size=\"1\" type=\"email\" name=\"form_fields[email]\" id=\"form-field-email\" class=\"elementor-field elementor-size-lg  elementor-field-textual\" placeholder=\"E-post\" required=\"required\">\n\t\t\t\t\t\t\t\t\t\t\t<\/div>\n\t\t\t\t\t\t\t\t<div class=\"elementor-field-type-checkbox elementor-field-group elementor-column elementor-field-group-field_ca49d8f elementor-col-70\">\n\t\t\t\t\t\t\t\t\t\t\t\t<label for=\"form-field-field_ca49d8f\" class=\"elementor-field-label elementor-screen-only\">\n\t\t\t\t\t\t\t\t GDRP-godkjenningstekst med lenk\t\t\t\t\t\t\t<\/label>\n\t\t\t\t\t\t<div class=\"elementor-field-subgroup  elementor-subgroup-inline\"><span class=\"elementor-field-option\"><input type=\"checkbox\" value=\"Jeg samtykker til &lt;a href=&quot;https:\/\/energi-trening.no\/personvernerklaering\/&quot;&gt;personvernerkl\u00e6ringen&lt;\/a&gt;\" id=\"form-field-field_ca49d8f-0\" name=\"form_fields[field_ca49d8f]\"> <label for=\"form-field-field_ca49d8f-0\">Jeg samtykker til <a href=\"https:\/\/energi-trening.no\/personvernerklaering\/\">personvernerkl\u00e6ringen<\/a><\/label><\/span><\/div>\t\t\t\t<\/div>\n\t\t\t\t\t\t\t\t<div class=\"elementor-field-group elementor-column elementor-field-type-submit elementor-col-30 e-form__buttons elementor-sm-100\">\n\t\t\t\t\t<button class=\"elementor-button elementor-size-sm\" type=\"submit\">\n\t\t\t\t\t\t<span class=\"elementor-button-content-wrapper\">\n\t\t\t\t\t\t\t\t\t\t\t\t\t\t\t<span class=\"elementor-button-icon\">\n\t\t\t\t\t\t\t\t\t<svg xmlns=\"http:\/\/www.w3.org\/2000\/svg\" width=\"25\" height=\"16\" viewBox=\"0 0 25 16\" fill=\"none\"><path d=\"M1.59558 7.8623L22.0276 7.8623\" stroke=\"#BEFB17\" stroke-width=\"2\" stroke-linecap=\"square\" stroke-linejoin=\"round\"><\/path><path d=\"M17.6041 13.6624L23.4043 7.86218L17.6041 2.06201\" stroke=\"#BEFB17\" stroke-width=\"2\" stroke-linecap=\"square\" stroke-linejoin=\"round\"><\/path><\/svg>\t\t\t\t\t\t\t\t\t\t\t\t\t\t\t\t\t<\/span>\n\t\t\t\t\t\t\t\t\t\t\t\t\t\t\t\t\t\t\t\t\t\t<span class=\"elementor-button-text\">Send<\/span>\n\t\t\t\t\t\t\t\t\t\t\t\t\t<\/span>\n\t\t\t\t\t<\/button>\n\t\t\t\t<\/div>\n\t\t\t<\/div>\n\t\t<\/form>\n\t\t\t\t\t\t<\/div>\n\t\t\t\t<\/div>\n\t\t\t\t\t<\/div>\n\t\t<\/div>\n\t\t\t\t\t<\/div>\n\t\t<\/section>\n\t\t\t\t<section data-particle_enable=\"false\" data-particle-mobile-disabled=\"false\" class=\"elementor-section elementor-top-section elementor-element elementor-element-57b533 elementor-section-full_width elementor-section-height-default elementor-section-height-default\" data-id=\"57b533\" data-element_type=\"section\" data-e-type=\"section\">\n\t\t\t\t\t\t<div class=\"elementor-container elementor-column-gap-no\">\n\t\t\t\t\t<div class=\"elementor-column elementor-col-100 elementor-top-column elementor-element elementor-element-66691fdb\" data-id=\"66691fdb\" data-element_type=\"column\" data-e-type=\"column\">\n\t\t\t<div class=\"elementor-widget-wrap elementor-element-populated\">\n\t\t\t\t\t\t<div class=\"elementor-element elementor-element-10905fa1 elementor-widget elementor-widget-image\" data-id=\"10905fa1\" data-element_type=\"widget\" data-e-type=\"widget\" data-widget_type=\"image.default\">\n\t\t\t\t<div class=\"elementor-widget-container\">\n\t\t\t\t\t\t\t\t\t\t\t\t\t\t\t<img fetchpriority=\"high\" decoding=\"async\" width=\"595\" height=\"576\" src=\"https:\/\/energi-trening.no\/os\/wp-content\/uploads\/sites\/2\/2022\/11\/shape-top-left-min-1.png\" class=\"attachment-full size-full wp-image-248\" alt=\"\" srcset=\"https:\/\/energi-trening.no\/os\/wp-content\/uploads\/sites\/2\/2022\/11\/shape-top-left-min-1.png 595w, https:\/\/energi-trening.no\/os\/wp-content\/uploads\/sites\/2\/2022\/11\/shape-top-left-min-1-300x290.png 300w\" sizes=\"(max-width: 595px) 100vw, 595px\" \/>\t\t\t\t\t\t\t\t\t\t\t\t\t\t\t<\/div>\n\t\t\t\t<\/div>\n\t\t\t\t\t<\/div>\n\t\t<\/div>\n\t\t\t\t\t<\/div>\n\t\t<\/section>\n\t\t\t\t<section data-particle_enable=\"false\" data-particle-mobile-disabled=\"false\" class=\"elementor-section elementor-top-section elementor-element elementor-element-65984a33 elementor-section-boxed elementor-section-height-default elementor-section-height-default\" data-id=\"65984a33\" data-element_type=\"section\" data-e-type=\"section\" data-settings=\"{&quot;background_background&quot;:&quot;classic&quot;}\">\n\t\t\t\t\t\t<div class=\"elementor-container elementor-column-gap-no\">\n\t\t\t\t\t<div class=\"elementor-column elementor-col-100 elementor-top-column elementor-element elementor-element-633a09bb\" data-id=\"633a09bb\" data-element_type=\"column\" data-e-type=\"column\">\n\t\t\t<div class=\"elementor-widget-wrap elementor-element-populated\">\n\t\t\t\t\t\t<div class=\"elementor-element elementor-element-59441ffa elementor-widget__width-initial elementor-widget-mobile__width-inherit elementor-widget elementor-widget-heading\" data-id=\"59441ffa\" data-element_type=\"widget\" data-e-type=\"widget\" data-widget_type=\"heading.default\">\n\t\t\t\t<div class=\"elementor-widget-container\">\n\t\t\t\t\t<h2 class=\"elementor-heading-title elementor-size-default\">Energi Trening Os<\/h2>\t\t\t\t<\/div>\n\t\t\t\t<\/div>\n\t\t\t\t<div class=\"elementor-element elementor-element-5cb23233 elementor-widget__width-initial elementor-widget-tablet__width-inherit elementor-widget elementor-widget-text-editor\" data-id=\"5cb23233\" data-element_type=\"widget\" data-e-type=\"widget\" data-widget_type=\"text-editor.default\">\n\t\t\t\t<div class=\"elementor-widget-container\">\n\t\t\t\t\t\t\t\t\t<p>Adresse: <a href=\"https:\/\/www.google.com\/maps\/place\/Energi+Trening+Os\/@60.1835568,5.4721967,15z\/data=!4m2!3m1!1s0x0:0x9a45b26e135306d4?sa=X&amp;ved=2ahUKEwj9pbCcjLD8AhWGSPEDHasUDW4Q_BJ6BAhBEAg\">Hamnevegen 48, 5200 Os<\/a>\u00a0<br \/>Telefon: <a href=\"tel:57111120\">57 11 11 20<\/a><br \/>E-post: <a href=\"mailto:kontakt@energitrening-os.no\">kontakt@energitrening-os.no<\/a><\/p>\t\t\t\t\t\t\t\t<\/div>\n\t\t\t\t<\/div>\n\t\t\t\t\t<\/div>\n\t\t<\/div>\n\t\t\t\t\t<\/div>\n\t\t<\/section>\n\t\t\t\t<\/div>\n\t\t","protected":false},"excerpt":{"rendered":"<p>Gratis pr\u00f8vetime! Har du lyst til \u00e5 teste Energi Trening Os? Vi tilbyr en gratis pr\u00f8vetime slik at du kan pr\u00f8ve ut v\u00e5rt treningstilbud. Ta gjerne med en venn! Energi Trening Os Adresse: Hamnevegen 48, 5200 Os\u00a0Telefon: 57 11 11 20E-post: kontakt@energitrening-os.no<\/p>\n","protected":false},"author":2,"featured_media":569,"parent":0,"menu_order":0,"comment_status":"closed","ping_status":"closed","template":"elementor_header_footer","meta":{"footnotes":""},"class_list":["post-787","page","type-page","status-publish","has-post-thumbnail","hentry"],"yoast_head":"<!-- This site is optimized with the Yoast SEO plugin v27.4 - https:\/\/yoast.com\/product\/yoast-seo-wordpress\/ -->\n<title>Gratis pr\u00f8vetime | Energi Trening | Os<\/title>\n<meta name=\"description\" content=\"Har du lyst \u00e5 pr\u00f8ve Energi Trening Os f\u00f8r du melder deg inn? F\u00e5 en gratis pr\u00f8vetime ved \u00e5 sende inn skjemaet p\u00e5 denne siden!\" \/>\n<meta name=\"robots\" content=\"index, follow, max-snippet:-1, max-image-preview:large, max-video-preview:-1\" \/>\n<link rel=\"canonical\" href=\"https:\/\/energi-trening.no\/os\/gratis-provetime\/\" \/>\n<meta property=\"og:locale\" content=\"nb_NO\" \/>\n<meta property=\"og:type\" content=\"article\" \/>\n<meta property=\"og:title\" content=\"Gratis pr\u00f8vetime | Energi Trening | Os\" \/>\n<meta property=\"og:description\" content=\"Har du lyst \u00e5 pr\u00f8ve Energi Trening Os f\u00f8r du melder deg inn? F\u00e5 en gratis pr\u00f8vetime ved \u00e5 sende inn skjemaet p\u00e5 denne siden!\" \/>\n<meta property=\"og:url\" content=\"https:\/\/energi-trening.no\/os\/gratis-provetime\/\" \/>\n<meta property=\"og:site_name\" content=\"Energi Trening | Os\" \/>\n<meta property=\"article:modified_time\" content=\"2023-04-19T13:34:53+00:00\" \/>\n<meta property=\"og:image\" content=\"https:\/\/energi-trening.no\/os\/wp-content\/uploads\/sites\/2\/2023\/01\/PT1-5-1024x576-2.jpg\" \/>\n\t<meta property=\"og:image:width\" content=\"1024\" \/>\n\t<meta property=\"og:image:height\" content=\"576\" \/>\n\t<meta property=\"og:image:type\" content=\"image\/jpeg\" \/>\n<meta name=\"twitter:card\" content=\"summary_large_image\" \/>\n<meta name=\"twitter:label1\" content=\"Ansl. lesetid\" \/>\n\t<meta name=\"twitter:data1\" content=\"1 minutt\" \/>\n<script type=\"application\/ld+json\" class=\"yoast-schema-graph\">{\"@context\":\"https:\\\/\\\/schema.org\",\"@graph\":[{\"@type\":[\"WebPage\",\"ContactPage\"],\"@id\":\"https:\\\/\\\/energi-trening.no\\\/os\\\/gratis-provetime\\\/\",\"url\":\"https:\\\/\\\/energi-trening.no\\\/os\\\/gratis-provetime\\\/\",\"name\":\"Gratis pr\u00f8vetime | Energi Trening | Os\",\"isPartOf\":{\"@id\":\"https:\\\/\\\/energi-trening.no\\\/os\\\/#website\"},\"primaryImageOfPage\":{\"@id\":\"https:\\\/\\\/energi-trening.no\\\/os\\\/gratis-provetime\\\/#primaryimage\"},\"image\":{\"@id\":\"https:\\\/\\\/energi-trening.no\\\/os\\\/gratis-provetime\\\/#primaryimage\"},\"thumbnailUrl\":\"https:\\\/\\\/energi-trening.no\\\/os\\\/wp-content\\\/uploads\\\/sites\\\/2\\\/2023\\\/01\\\/PT1-5-1024x576-2.jpg\",\"datePublished\":\"2023-04-19T13:09:22+00:00\",\"dateModified\":\"2023-04-19T13:34:53+00:00\",\"description\":\"Har du lyst \u00e5 pr\u00f8ve Energi Trening Os f\u00f8r du melder deg inn? F\u00e5 en gratis pr\u00f8vetime ved \u00e5 sende inn skjemaet p\u00e5 denne siden!\",\"breadcrumb\":{\"@id\":\"https:\\\/\\\/energi-trening.no\\\/os\\\/gratis-provetime\\\/#breadcrumb\"},\"inLanguage\":\"nb-NO\",\"potentialAction\":[{\"@type\":\"ReadAction\",\"target\":[\"https:\\\/\\\/energi-trening.no\\\/os\\\/gratis-provetime\\\/\"]}]},{\"@type\":\"ImageObject\",\"inLanguage\":\"nb-NO\",\"@id\":\"https:\\\/\\\/energi-trening.no\\\/os\\\/gratis-provetime\\\/#primaryimage\",\"url\":\"https:\\\/\\\/energi-trening.no\\\/os\\\/wp-content\\\/uploads\\\/sites\\\/2\\\/2023\\\/01\\\/PT1-5-1024x576-2.jpg\",\"contentUrl\":\"https:\\\/\\\/energi-trening.no\\\/os\\\/wp-content\\\/uploads\\\/sites\\\/2\\\/2023\\\/01\\\/PT1-5-1024x576-2.jpg\",\"width\":1024,\"height\":576,\"caption\":\"IMG_0906\"},{\"@type\":\"BreadcrumbList\",\"@id\":\"https:\\\/\\\/energi-trening.no\\\/os\\\/gratis-provetime\\\/#breadcrumb\",\"itemListElement\":[{\"@type\":\"ListItem\",\"position\":1,\"name\":\"Hjem\",\"item\":\"https:\\\/\\\/energi-trening.no\\\/os\\\/\"},{\"@type\":\"ListItem\",\"position\":2,\"name\":\"Gratis pr\u00f8vetime\"}]},{\"@type\":\"WebSite\",\"@id\":\"https:\\\/\\\/energi-trening.no\\\/os\\\/#website\",\"url\":\"https:\\\/\\\/energi-trening.no\\\/os\\\/\",\"name\":\"Energi Trening | Os\",\"description\":\"\",\"publisher\":{\"@id\":\"https:\\\/\\\/energi-trening.no\\\/os\\\/#organization\"},\"potentialAction\":[{\"@type\":\"SearchAction\",\"target\":{\"@type\":\"EntryPoint\",\"urlTemplate\":\"https:\\\/\\\/energi-trening.no\\\/os\\\/?s={search_term_string}\"},\"query-input\":{\"@type\":\"PropertyValueSpecification\",\"valueRequired\":true,\"valueName\":\"search_term_string\"}}],\"inLanguage\":\"nb-NO\"},{\"@type\":\"Organization\",\"@id\":\"https:\\\/\\\/energi-trening.no\\\/os\\\/#organization\",\"name\":\"Energi Trening | Os\",\"url\":\"https:\\\/\\\/energi-trening.no\\\/os\\\/\",\"logo\":{\"@type\":\"ImageObject\",\"inLanguage\":\"nb-NO\",\"@id\":\"https:\\\/\\\/energi-trening.no\\\/os\\\/#\\\/schema\\\/logo\\\/image\\\/\",\"url\":\"https:\\\/\\\/energi-trening.no\\\/os\\\/wp-content\\\/uploads\\\/sites\\\/2\\\/2022\\\/11\\\/logo.svg\",\"contentUrl\":\"https:\\\/\\\/energi-trening.no\\\/os\\\/wp-content\\\/uploads\\\/sites\\\/2\\\/2022\\\/11\\\/logo.svg\",\"width\":190,\"height\":58,\"caption\":\"Energi Trening | Os\"},\"image\":{\"@id\":\"https:\\\/\\\/energi-trening.no\\\/os\\\/#\\\/schema\\\/logo\\\/image\\\/\"}}]}<\/script>\n<!-- \/ Yoast SEO plugin. -->","yoast_head_json":{"title":"Gratis pr\u00f8vetime | Energi Trening | Os","description":"Har du lyst \u00e5 pr\u00f8ve Energi Trening Os f\u00f8r du melder deg inn? F\u00e5 en gratis pr\u00f8vetime ved \u00e5 sende inn skjemaet p\u00e5 denne siden!","robots":{"index":"index","follow":"follow","max-snippet":"max-snippet:-1","max-image-preview":"max-image-preview:large","max-video-preview":"max-video-preview:-1"},"canonical":"https:\/\/energi-trening.no\/os\/gratis-provetime\/","og_locale":"nb_NO","og_type":"article","og_title":"Gratis pr\u00f8vetime | Energi Trening | Os","og_description":"Har du lyst \u00e5 pr\u00f8ve Energi Trening Os f\u00f8r du melder deg inn? F\u00e5 en gratis pr\u00f8vetime ved \u00e5 sende inn skjemaet p\u00e5 denne siden!","og_url":"https:\/\/energi-trening.no\/os\/gratis-provetime\/","og_site_name":"Energi Trening | Os","article_modified_time":"2023-04-19T13:34:53+00:00","og_image":[{"width":1024,"height":576,"url":"https:\/\/energi-trening.no\/os\/wp-content\/uploads\/sites\/2\/2023\/01\/PT1-5-1024x576-2.jpg","type":"image\/jpeg"}],"twitter_card":"summary_large_image","twitter_misc":{"Ansl. lesetid":"1 minutt"},"schema":{"@context":"https:\/\/schema.org","@graph":[{"@type":["WebPage","ContactPage"],"@id":"https:\/\/energi-trening.no\/os\/gratis-provetime\/","url":"https:\/\/energi-trening.no\/os\/gratis-provetime\/","name":"Gratis pr\u00f8vetime | Energi Trening | Os","isPartOf":{"@id":"https:\/\/energi-trening.no\/os\/#website"},"primaryImageOfPage":{"@id":"https:\/\/energi-trening.no\/os\/gratis-provetime\/#primaryimage"},"image":{"@id":"https:\/\/energi-trening.no\/os\/gratis-provetime\/#primaryimage"},"thumbnailUrl":"https:\/\/energi-trening.no\/os\/wp-content\/uploads\/sites\/2\/2023\/01\/PT1-5-1024x576-2.jpg","datePublished":"2023-04-19T13:09:22+00:00","dateModified":"2023-04-19T13:34:53+00:00","description":"Har du lyst \u00e5 pr\u00f8ve Energi Trening Os f\u00f8r du melder deg inn? F\u00e5 en gratis pr\u00f8vetime ved \u00e5 sende inn skjemaet p\u00e5 denne siden!","breadcrumb":{"@id":"https:\/\/energi-trening.no\/os\/gratis-provetime\/#breadcrumb"},"inLanguage":"nb-NO","potentialAction":[{"@type":"ReadAction","target":["https:\/\/energi-trening.no\/os\/gratis-provetime\/"]}]},{"@type":"ImageObject","inLanguage":"nb-NO","@id":"https:\/\/energi-trening.no\/os\/gratis-provetime\/#primaryimage","url":"https:\/\/energi-trening.no\/os\/wp-content\/uploads\/sites\/2\/2023\/01\/PT1-5-1024x576-2.jpg","contentUrl":"https:\/\/energi-trening.no\/os\/wp-content\/uploads\/sites\/2\/2023\/01\/PT1-5-1024x576-2.jpg","width":1024,"height":576,"caption":"IMG_0906"},{"@type":"BreadcrumbList","@id":"https:\/\/energi-trening.no\/os\/gratis-provetime\/#breadcrumb","itemListElement":[{"@type":"ListItem","position":1,"name":"Hjem","item":"https:\/\/energi-trening.no\/os\/"},{"@type":"ListItem","position":2,"name":"Gratis pr\u00f8vetime"}]},{"@type":"WebSite","@id":"https:\/\/energi-trening.no\/os\/#website","url":"https:\/\/energi-trening.no\/os\/","name":"Energi Trening | Os","description":"","publisher":{"@id":"https:\/\/energi-trening.no\/os\/#organization"},"potentialAction":[{"@type":"SearchAction","target":{"@type":"EntryPoint","urlTemplate":"https:\/\/energi-trening.no\/os\/?s={search_term_string}"},"query-input":{"@type":"PropertyValueSpecification","valueRequired":true,"valueName":"search_term_string"}}],"inLanguage":"nb-NO"},{"@type":"Organization","@id":"https:\/\/energi-trening.no\/os\/#organization","name":"Energi Trening | Os","url":"https:\/\/energi-trening.no\/os\/","logo":{"@type":"ImageObject","inLanguage":"nb-NO","@id":"https:\/\/energi-trening.no\/os\/#\/schema\/logo\/image\/","url":"https:\/\/energi-trening.no\/os\/wp-content\/uploads\/sites\/2\/2022\/11\/logo.svg","contentUrl":"https:\/\/energi-trening.no\/os\/wp-content\/uploads\/sites\/2\/2022\/11\/logo.svg","width":190,"height":58,"caption":"Energi Trening | Os"},"image":{"@id":"https:\/\/energi-trening.no\/os\/#\/schema\/logo\/image\/"}}]}},"_links":{"self":[{"href":"https:\/\/energi-trening.no\/os\/wp-json\/wp\/v2\/pages\/787","targetHints":{"allow":["GET"]}}],"collection":[{"href":"https:\/\/energi-trening.no\/os\/wp-json\/wp\/v2\/pages"}],"about":[{"href":"https:\/\/energi-trening.no\/os\/wp-json\/wp\/v2\/types\/page"}],"author":[{"embeddable":true,"href":"https:\/\/energi-trening.no\/os\/wp-json\/wp\/v2\/users\/2"}],"replies":[{"embeddable":true,"href":"https:\/\/energi-trening.no\/os\/wp-json\/wp\/v2\/comments?post=787"}],"version-history":[{"count":4,"href":"https:\/\/energi-trening.no\/os\/wp-json\/wp\/v2\/pages\/787\/revisions"}],"predecessor-version":[{"id":791,"href":"https:\/\/energi-trening.no\/os\/wp-json\/wp\/v2\/pages\/787\/revisions\/791"}],"wp:featuredmedia":[{"embeddable":true,"href":"https:\/\/energi-trening.no\/os\/wp-json\/wp\/v2\/media\/569"}],"wp:attachment":[{"href":"https:\/\/energi-trening.no\/os\/wp-json\/wp\/v2\/media?parent=787"}],"curies":[{"name":"wp","href":"https:\/\/api.w.org\/{rel}","templated":true}]}}