{"id":48,"date":"2022-11-18T00:30:27","date_gmt":"2022-11-18T00:30:27","guid":{"rendered":"https:\/\/energi-trening.no\/os\/?page_id=48"},"modified":"2024-04-18T15:54:45","modified_gmt":"2024-04-18T15:54:45","slug":"om-oss","status":"publish","type":"page","link":"https:\/\/energi-trening.no\/os\/om-oss\/","title":{"rendered":"Om oss"},"content":{"rendered":"\t\t<div data-elementor-type=\"wp-page\" data-elementor-id=\"48\" class=\"elementor elementor-48\" data-elementor-post-type=\"page\">\n\t\t\t\t\t\t<section data-particle_enable=\"false\" data-particle-mobile-disabled=\"false\" class=\"elementor-section elementor-top-section elementor-element elementor-element-c060c64 elementor-section-boxed elementor-section-height-default elementor-section-height-default\" data-id=\"c060c64\" data-element_type=\"section\" data-e-type=\"section\" data-settings=\"{&quot;background_background&quot;:&quot;classic&quot;}\">\n\t\t\t\t\t\t\t<div class=\"elementor-background-overlay\"><\/div>\n\t\t\t\t\t\t\t<div class=\"elementor-container elementor-column-gap-no\">\n\t\t\t\t\t<div class=\"elementor-column elementor-col-50 elementor-top-column elementor-element elementor-element-69d60f26\" data-id=\"69d60f26\" data-element_type=\"column\" data-e-type=\"column\">\n\t\t\t<div class=\"elementor-widget-wrap elementor-element-populated\">\n\t\t\t\t\t\t<div class=\"elementor-element elementor-element-9f3cd64 elementor-widget elementor-widget-breadcrumbs\" data-id=\"9f3cd64\" data-element_type=\"widget\" data-e-type=\"widget\" data-widget_type=\"breadcrumbs.default\">\n\t\t\t\t<div class=\"elementor-widget-container\">\n\t\t\t\t\t<p id=\"breadcrumbs\"><span><span><a href=\"https:\/\/energi-trening.no\/os\/\">Hjem<\/a><\/span><\/span><\/p>\t\t\t\t<\/div>\n\t\t\t\t<\/div>\n\t\t\t\t<div class=\"elementor-element elementor-element-3d039d40 elementor-widget elementor-widget-heading\" data-id=\"3d039d40\" data-element_type=\"widget\" data-e-type=\"widget\" data-widget_type=\"heading.default\">\n\t\t\t\t<div class=\"elementor-widget-container\">\n\t\t\t\t\t<h1 class=\"elementor-heading-title elementor-size-default\">Om oss<\/h1>\t\t\t\t<\/div>\n\t\t\t\t<\/div>\n\t\t\t\t<div class=\"elementor-element elementor-element-313bd476 elementor-widget__width-initial elementor-widget-tablet__width-inherit elementor-widget elementor-widget-text-editor\" data-id=\"313bd476\" data-element_type=\"widget\" data-e-type=\"widget\" data-widget_type=\"text-editor.default\">\n\t\t\t\t<div class=\"elementor-widget-container\">\n\t\t\t\t\t\t\t\t\t<p>Energi Trening Os\u00a0holder til i \u00abIrisfabrikken\u00bb, og den unike beliggenheten gj\u00f8r oss lett tilgjengelig, og gir oss rikelig med parkering.<\/p>\t\t\t\t\t\t\t\t<\/div>\n\t\t\t\t<\/div>\n\t\t\t\t\t<\/div>\n\t\t<\/div>\n\t\t\t\t<div class=\"elementor-column elementor-col-50 elementor-top-column elementor-element elementor-element-6f612232\" data-id=\"6f612232\" data-element_type=\"column\" data-e-type=\"column\">\n\t\t\t<div class=\"elementor-widget-wrap elementor-element-populated\">\n\t\t\t\t\t\t<div class=\"elementor-element elementor-element-1522d965 elementor-hidden-desktop elementor-widget elementor-widget-image\" data-id=\"1522d965\" data-element_type=\"widget\" data-e-type=\"widget\" data-widget_type=\"image.default\">\n\t\t\t\t<div class=\"elementor-widget-container\">\n\t\t\t\t\t\t\t\t\t\t\t\t\t\t\t<img fetchpriority=\"high\" decoding=\"async\" width=\"1920\" height=\"2560\" src=\"https:\/\/energi-trening.no\/os\/wp-content\/uploads\/sites\/2\/2024\/04\/IMG_2125-1-scaled.jpg\" class=\"attachment-full size-full wp-image-815\" alt=\"\" srcset=\"https:\/\/energi-trening.no\/os\/wp-content\/uploads\/sites\/2\/2024\/04\/IMG_2125-1-scaled.jpg 1920w, https:\/\/energi-trening.no\/os\/wp-content\/uploads\/sites\/2\/2024\/04\/IMG_2125-1-225x300.jpg 225w, https:\/\/energi-trening.no\/os\/wp-content\/uploads\/sites\/2\/2024\/04\/IMG_2125-1-768x1024.jpg 768w, https:\/\/energi-trening.no\/os\/wp-content\/uploads\/sites\/2\/2024\/04\/IMG_2125-1-1152x1536.jpg 1152w, https:\/\/energi-trening.no\/os\/wp-content\/uploads\/sites\/2\/2024\/04\/IMG_2125-1-1536x2048.jpg 1536w\" sizes=\"(max-width: 1920px) 100vw, 1920px\" \/>\t\t\t\t\t\t\t\t\t\t\t\t\t\t\t<\/div>\n\t\t\t\t<\/div>\n\t\t\t\t\t<\/div>\n\t\t<\/div>\n\t\t\t\t\t<\/div>\n\t\t<\/section>\n\t\t\t\t<section data-particle_enable=\"false\" data-particle-mobile-disabled=\"false\" class=\"elementor-section elementor-top-section elementor-element elementor-element-60c46d3b elementor-section-full_width elementor-hidden-tablet elementor-hidden-mobile elementor-section-height-default elementor-section-height-default\" data-id=\"60c46d3b\" data-element_type=\"section\" data-e-type=\"section\" data-settings=\"{&quot;background_background&quot;:&quot;classic&quot;}\">\n\t\t\t\t\t\t<div class=\"elementor-container elementor-column-gap-no\">\n\t\t\t\t\t<div class=\"elementor-column elementor-col-100 elementor-top-column elementor-element elementor-element-95bff01\" data-id=\"95bff01\" data-element_type=\"column\" data-e-type=\"column\">\n\t\t\t<div class=\"elementor-widget-wrap elementor-element-populated\">\n\t\t\t\t\t\t<div class=\"elementor-element elementor-element-6de449a3 elementor-widget__width-auto elementor-absolute elementor-widget elementor-widget-image\" data-id=\"6de449a3\" data-element_type=\"widget\" data-e-type=\"widget\" data-settings=\"{&quot;_position&quot;:&quot;absolute&quot;}\" data-widget_type=\"image.default\">\n\t\t\t\t<div class=\"elementor-widget-container\">\n\t\t\t\t\t\t\t\t\t\t\t\t\t\t\t<img decoding=\"async\" width=\"392\" height=\"577\" src=\"https:\/\/energi-trening.no\/os\/wp-content\/uploads\/sites\/2\/2022\/11\/about-shape-min.png\" class=\"attachment-full size-full wp-image-50\" alt=\"\" srcset=\"https:\/\/energi-trening.no\/os\/wp-content\/uploads\/sites\/2\/2022\/11\/about-shape-min.png 392w, https:\/\/energi-trening.no\/os\/wp-content\/uploads\/sites\/2\/2022\/11\/about-shape-min-204x300.png 204w\" sizes=\"(max-width: 392px) 100vw, 392px\" \/>\t\t\t\t\t\t\t\t\t\t\t\t\t\t\t<\/div>\n\t\t\t\t<\/div>\n\t\t\t\t\t<\/div>\n\t\t<\/div>\n\t\t\t\t\t<\/div>\n\t\t<\/section>\n\t\t\t\t<section data-particle_enable=\"false\" data-particle-mobile-disabled=\"false\" class=\"elementor-section elementor-top-section elementor-element elementor-element-4e313987 elementor-section-boxed elementor-section-height-default elementor-section-height-default\" data-id=\"4e313987\" data-element_type=\"section\" data-e-type=\"section\" data-settings=\"{&quot;background_background&quot;:&quot;gradient&quot;}\">\n\t\t\t\t\t\t<div class=\"elementor-container elementor-column-gap-no\">\n\t\t\t\t\t<div class=\"elementor-column elementor-col-100 elementor-top-column elementor-element elementor-element-3db545d9\" data-id=\"3db545d9\" data-element_type=\"column\" data-e-type=\"column\">\n\t\t\t<div class=\"elementor-widget-wrap elementor-element-populated\">\n\t\t\t\t\t\t<div class=\"elementor-element elementor-element-741455b1 elementor-widget elementor-widget-text-editor\" data-id=\"741455b1\" data-element_type=\"widget\" data-e-type=\"widget\" data-widget_type=\"text-editor.default\">\n\t\t\t\t<div class=\"elementor-widget-container\">\n\t\t\t\t\t\t\t\t\tBla nedover\t\t\t\t\t\t\t\t<\/div>\n\t\t\t\t<\/div>\n\t\t\t\t<div class=\"elementor-element elementor-element-6234e109 animating-down-arrow elementor-view-default elementor-widget elementor-widget-icon\" data-id=\"6234e109\" data-element_type=\"widget\" data-e-type=\"widget\" data-widget_type=\"icon.default\">\n\t\t\t\t<div class=\"elementor-widget-container\">\n\t\t\t\t\t\t\t<div class=\"elementor-icon-wrapper\">\n\t\t\t<a class=\"elementor-icon\" href=\"#anchor\">\n\t\t\t<svg xmlns=\"http:\/\/www.w3.org\/2000\/svg\" width=\"26\" height=\"31\" viewBox=\"0 0 26 31\" fill=\"none\"><path opacity=\"0.75\" d=\"M3 18.5325L13 28.5325L23 18.5325\" stroke=\"black\" stroke-width=\"3\" stroke-linecap=\"square\" stroke-linejoin=\"round\"><\/path><path opacity=\"0.5\" d=\"M3 10.5325L13 20.5325L23 10.5325\" stroke=\"black\" stroke-width=\"3\" stroke-linecap=\"square\" stroke-linejoin=\"round\"><\/path><path opacity=\"0.25\" d=\"M3 2.57581L13 12.5758L23 2.57581\" stroke=\"black\" stroke-width=\"3\" stroke-linecap=\"square\" stroke-linejoin=\"round\"><\/path><\/svg>\t\t\t<\/a>\n\t\t<\/div>\n\t\t\t\t\t\t<\/div>\n\t\t\t\t<\/div>\n\t\t\t\t<div class=\"elementor-element elementor-element-3e6d0c53 elementor-widget__width-initial elementor-widget-tablet__width-inherit elementor-widget elementor-widget-heading\" data-id=\"3e6d0c53\" data-element_type=\"widget\" data-e-type=\"widget\" id=\"anchor\" data-widget_type=\"heading.default\">\n\t\t\t\t<div class=\"elementor-widget-container\">\n\t\t\t\t\t<h2 class=\"elementor-heading-title elementor-size-default\">Tredje senteret i kjeden<\/h2>\t\t\t\t<\/div>\n\t\t\t\t<\/div>\n\t\t\t\t<div class=\"elementor-element elementor-element-434141ac elementor-widget elementor-widget-text-editor\" data-id=\"434141ac\" data-element_type=\"widget\" data-e-type=\"widget\" data-widget_type=\"text-editor.default\">\n\t\t\t\t<div class=\"elementor-widget-container\">\n\t\t\t\t\t\t\t\t\t<p>I september 2014 s\u00e5 Energi Trening Os dagens lys. Med fokus p\u00e5 trivsel, frisk luft og et godt treningstilbud \u00e5pnet vi d\u00f8rene for befolkningen i Os og Bj\u00f8rnafjorden. P\u00e5 Os tilbyr vi alt fra egentrening p\u00e5 i lokaler godt utrustet med moderne treningsutstyr, s\u00e5 vel som gruppetrening og PT. Velkommen til oss!<\/p>\t\t\t\t\t\t\t\t<\/div>\n\t\t\t\t<\/div>\n\t\t\t\t\t<\/div>\n\t\t<\/div>\n\t\t\t\t\t<\/div>\n\t\t<\/section>\n\t\t\t\t<section data-particle_enable=\"false\" data-particle-mobile-disabled=\"false\" class=\"elementor-section elementor-top-section elementor-element elementor-element-3b632fdf elementor-reverse-tablet elementor-reverse-mobile elementor-section-boxed elementor-section-height-default elementor-section-height-default\" data-id=\"3b632fdf\" data-element_type=\"section\" data-e-type=\"section\" data-settings=\"{&quot;background_background&quot;:&quot;classic&quot;}\">\n\t\t\t\t\t\t<div class=\"elementor-container elementor-column-gap-no\">\n\t\t\t\t\t<div class=\"elementor-column elementor-col-50 elementor-top-column elementor-element elementor-element-56311ddb\" data-id=\"56311ddb\" data-element_type=\"column\" data-e-type=\"column\">\n\t\t\t<div class=\"elementor-widget-wrap elementor-element-populated\">\n\t\t\t\t\t\t<div class=\"elementor-element elementor-element-6a6bd1e5 elementor-widget__width-initial elementor-widget-tablet__width-inherit elementor-widget elementor-widget-heading\" data-id=\"6a6bd1e5\" data-element_type=\"widget\" data-e-type=\"widget\" data-widget_type=\"heading.default\">\n\t\t\t\t<div class=\"elementor-widget-container\">\n\t\t\t\t\t<h2 class=\"elementor-heading-title elementor-size-default\">Vi har det du trenger for \u00e5 komme deg i form<\/h2>\t\t\t\t<\/div>\n\t\t\t\t<\/div>\n\t\t\t\t<div class=\"elementor-element elementor-element-215f0ccc elementor-widget__width-initial elementor-widget-tablet__width-inherit elementor-widget elementor-widget-text-editor\" data-id=\"215f0ccc\" data-element_type=\"widget\" data-e-type=\"widget\" data-widget_type=\"text-editor.default\">\n\t\t\t\t<div class=\"elementor-widget-container\">\n\t\t\t\t\t\t\t\t\t<p>For \u00e5 holde prisene lave holder vi fokus p\u00e5 plasseffektive lokaler. Vi tilbyr derfor ikke ting som barnepass, spa, badstue eller store resepsjons arealer. \u2013 Hvorfor betale for ting du gjerne ikke benytter likevel.<\/p>\t\t\t\t\t\t\t\t<\/div>\n\t\t\t\t<\/div>\n\t\t\t\t<div class=\"elementor-element elementor-element-5f1948d7 elementor-widget__width-initial elementor-widget-tablet__width-inherit elementor-widget elementor-widget-text-editor\" data-id=\"5f1948d7\" data-element_type=\"widget\" data-e-type=\"widget\" data-widget_type=\"text-editor.default\">\n\t\t\t\t<div class=\"elementor-widget-container\">\n\t\t\t\t\t\t\t\t\t<p>Vi har til gjengjeld dedikert et betraktelig st\u00f8rre omr\u00e5de t til alt tenkelig kondisjons-, apparat-,\u00a0styrke\u00a0og funksjonelt treningsutstyr av ypperste kvalitet.<\/p>\t\t\t\t\t\t\t\t<\/div>\n\t\t\t\t<\/div>\n\t\t\t\t\t<\/div>\n\t\t<\/div>\n\t\t\t\t<div class=\"elementor-column elementor-col-50 elementor-top-column elementor-element elementor-element-4c90cb34\" data-id=\"4c90cb34\" data-element_type=\"column\" data-e-type=\"column\">\n\t\t\t<div class=\"elementor-widget-wrap elementor-element-populated\">\n\t\t\t\t\t\t<div class=\"elementor-element elementor-element-6ea8331c elementor-widget elementor-widget-image\" data-id=\"6ea8331c\" data-element_type=\"widget\" data-e-type=\"widget\" data-widget_type=\"image.default\">\n\t\t\t\t<div class=\"elementor-widget-container\">\n\t\t\t\t\t\t\t\t\t\t\t\t\t\t\t<img decoding=\"async\" width=\"1920\" height=\"2560\" src=\"https:\/\/energi-trening.no\/os\/wp-content\/uploads\/sites\/2\/2024\/04\/IMG_1970-scaled.jpg\" class=\"attachment-full size-full wp-image-806\" alt=\"\" srcset=\"https:\/\/energi-trening.no\/os\/wp-content\/uploads\/sites\/2\/2024\/04\/IMG_1970-scaled.jpg 1920w, https:\/\/energi-trening.no\/os\/wp-content\/uploads\/sites\/2\/2024\/04\/IMG_1970-225x300.jpg 225w, https:\/\/energi-trening.no\/os\/wp-content\/uploads\/sites\/2\/2024\/04\/IMG_1970-768x1024.jpg 768w, https:\/\/energi-trening.no\/os\/wp-content\/uploads\/sites\/2\/2024\/04\/IMG_1970-1152x1536.jpg 1152w, https:\/\/energi-trening.no\/os\/wp-content\/uploads\/sites\/2\/2024\/04\/IMG_1970-1536x2048.jpg 1536w\" sizes=\"(max-width: 1920px) 100vw, 1920px\" \/>\t\t\t\t\t\t\t\t\t\t\t\t\t\t\t<\/div>\n\t\t\t\t<\/div>\n\t\t\t\t\t<\/div>\n\t\t<\/div>\n\t\t\t\t\t<\/div>\n\t\t<\/section>\n\t\t\t\t<\/div>\n\t\t","protected":false},"excerpt":{"rendered":"<p>Om oss Energi Trening Os\u00a0holder til i \u00abIrisfabrikken\u00bb, og den unike beliggenheten gj\u00f8r oss lett tilgjengelig, og gir oss rikelig med parkering. Bla nedover Tredje senteret i kjeden I september 2014 s\u00e5 Energi Trening Os dagens lys. Med fokus p\u00e5 trivsel, frisk luft og et godt treningstilbud \u00e5pnet vi d\u00f8rene for befolkningen i Os og [&hellip;]<\/p>\n","protected":false},"author":3,"featured_media":806,"parent":0,"menu_order":0,"comment_status":"closed","ping_status":"closed","template":"elementor_header_footer","meta":{"footnotes":""},"class_list":["post-48","page","type-page","status-publish","has-post-thumbnail","hentry"],"yoast_head":"<!-- This site is optimized with the Yoast SEO plugin v27.4 - https:\/\/yoast.com\/product\/yoast-seo-wordpress\/ -->\n<title>Om oss | Energi Trening | Os<\/title>\n<meta name=\"description\" content=\"Energi Trening Os holder til i \u00abIrisfabrikken\u00bb, og den unike beliggenheten gj\u00f8r oss lett tilgjengelig, og gir oss rikelig med parkering.\" \/>\n<meta name=\"robots\" content=\"index, follow, max-snippet:-1, max-image-preview:large, max-video-preview:-1\" \/>\n<link rel=\"canonical\" href=\"https:\/\/energi-trening.no\/os\/om-oss\/\" \/>\n<meta property=\"og:locale\" content=\"nb_NO\" \/>\n<meta property=\"og:type\" content=\"article\" \/>\n<meta property=\"og:title\" content=\"Om oss | Energi Trening | Os\" \/>\n<meta property=\"og:description\" content=\"Energi Trening Os holder til i \u00abIrisfabrikken\u00bb, og den unike beliggenheten gj\u00f8r oss lett tilgjengelig, og gir oss rikelig med parkering.\" \/>\n<meta property=\"og:url\" content=\"https:\/\/energi-trening.no\/os\/om-oss\/\" \/>\n<meta property=\"og:site_name\" content=\"Energi Trening | Os\" \/>\n<meta property=\"article:modified_time\" content=\"2024-04-18T15:54:45+00:00\" \/>\n<meta property=\"og:image\" content=\"https:\/\/energi-trening.no\/os\/wp-content\/uploads\/sites\/2\/2024\/04\/IMG_1970-scaled.jpg\" \/>\n\t<meta property=\"og:image:width\" content=\"1920\" \/>\n\t<meta property=\"og:image:height\" content=\"2560\" \/>\n\t<meta property=\"og:image:type\" content=\"image\/jpeg\" \/>\n<meta name=\"twitter:card\" content=\"summary_large_image\" \/>\n<meta name=\"twitter:label1\" content=\"Ansl. lesetid\" \/>\n\t<meta name=\"twitter:data1\" content=\"2 minutter\" \/>\n<script type=\"application\/ld+json\" class=\"yoast-schema-graph\">{\"@context\":\"https:\\\/\\\/schema.org\",\"@graph\":[{\"@type\":\"WebPage\",\"@id\":\"https:\\\/\\\/energi-trening.no\\\/os\\\/om-oss\\\/\",\"url\":\"https:\\\/\\\/energi-trening.no\\\/os\\\/om-oss\\\/\",\"name\":\"Om oss | Energi Trening | Os\",\"isPartOf\":{\"@id\":\"https:\\\/\\\/energi-trening.no\\\/os\\\/#website\"},\"primaryImageOfPage\":{\"@id\":\"https:\\\/\\\/energi-trening.no\\\/os\\\/om-oss\\\/#primaryimage\"},\"image\":{\"@id\":\"https:\\\/\\\/energi-trening.no\\\/os\\\/om-oss\\\/#primaryimage\"},\"thumbnailUrl\":\"https:\\\/\\\/energi-trening.no\\\/os\\\/wp-content\\\/uploads\\\/sites\\\/2\\\/2024\\\/04\\\/IMG_1970-scaled.jpg\",\"datePublished\":\"2022-11-18T00:30:27+00:00\",\"dateModified\":\"2024-04-18T15:54:45+00:00\",\"description\":\"Energi Trening Os holder til i \u00abIrisfabrikken\u00bb, og den unike beliggenheten gj\u00f8r oss lett tilgjengelig, og gir oss rikelig med parkering.\",\"breadcrumb\":{\"@id\":\"https:\\\/\\\/energi-trening.no\\\/os\\\/om-oss\\\/#breadcrumb\"},\"inLanguage\":\"nb-NO\",\"potentialAction\":[{\"@type\":\"ReadAction\",\"target\":[\"https:\\\/\\\/energi-trening.no\\\/os\\\/om-oss\\\/\"]}]},{\"@type\":\"ImageObject\",\"inLanguage\":\"nb-NO\",\"@id\":\"https:\\\/\\\/energi-trening.no\\\/os\\\/om-oss\\\/#primaryimage\",\"url\":\"https:\\\/\\\/energi-trening.no\\\/os\\\/wp-content\\\/uploads\\\/sites\\\/2\\\/2024\\\/04\\\/IMG_1970-scaled.jpg\",\"contentUrl\":\"https:\\\/\\\/energi-trening.no\\\/os\\\/wp-content\\\/uploads\\\/sites\\\/2\\\/2024\\\/04\\\/IMG_1970-scaled.jpg\",\"width\":1920,\"height\":2560},{\"@type\":\"BreadcrumbList\",\"@id\":\"https:\\\/\\\/energi-trening.no\\\/os\\\/om-oss\\\/#breadcrumb\",\"itemListElement\":[{\"@type\":\"ListItem\",\"position\":1,\"name\":\"Hjem\",\"item\":\"https:\\\/\\\/energi-trening.no\\\/os\\\/\"},{\"@type\":\"ListItem\",\"position\":2,\"name\":\"Om oss\"}]},{\"@type\":\"WebSite\",\"@id\":\"https:\\\/\\\/energi-trening.no\\\/os\\\/#website\",\"url\":\"https:\\\/\\\/energi-trening.no\\\/os\\\/\",\"name\":\"Energi Trening | Os\",\"description\":\"\",\"publisher\":{\"@id\":\"https:\\\/\\\/energi-trening.no\\\/os\\\/#organization\"},\"potentialAction\":[{\"@type\":\"SearchAction\",\"target\":{\"@type\":\"EntryPoint\",\"urlTemplate\":\"https:\\\/\\\/energi-trening.no\\\/os\\\/?s={search_term_string}\"},\"query-input\":{\"@type\":\"PropertyValueSpecification\",\"valueRequired\":true,\"valueName\":\"search_term_string\"}}],\"inLanguage\":\"nb-NO\"},{\"@type\":\"Organization\",\"@id\":\"https:\\\/\\\/energi-trening.no\\\/os\\\/#organization\",\"name\":\"Energi Trening | Os\",\"url\":\"https:\\\/\\\/energi-trening.no\\\/os\\\/\",\"logo\":{\"@type\":\"ImageObject\",\"inLanguage\":\"nb-NO\",\"@id\":\"https:\\\/\\\/energi-trening.no\\\/os\\\/#\\\/schema\\\/logo\\\/image\\\/\",\"url\":\"https:\\\/\\\/energi-trening.no\\\/os\\\/wp-content\\\/uploads\\\/sites\\\/2\\\/2022\\\/11\\\/logo.svg\",\"contentUrl\":\"https:\\\/\\\/energi-trening.no\\\/os\\\/wp-content\\\/uploads\\\/sites\\\/2\\\/2022\\\/11\\\/logo.svg\",\"width\":190,\"height\":58,\"caption\":\"Energi Trening | Os\"},\"image\":{\"@id\":\"https:\\\/\\\/energi-trening.no\\\/os\\\/#\\\/schema\\\/logo\\\/image\\\/\"}}]}<\/script>\n<!-- \/ Yoast SEO plugin. -->","yoast_head_json":{"title":"Om oss | Energi Trening | Os","description":"Energi Trening Os holder til i \u00abIrisfabrikken\u00bb, og den unike beliggenheten gj\u00f8r oss lett tilgjengelig, og gir oss rikelig med parkering.","robots":{"index":"index","follow":"follow","max-snippet":"max-snippet:-1","max-image-preview":"max-image-preview:large","max-video-preview":"max-video-preview:-1"},"canonical":"https:\/\/energi-trening.no\/os\/om-oss\/","og_locale":"nb_NO","og_type":"article","og_title":"Om oss | Energi Trening | Os","og_description":"Energi Trening Os holder til i \u00abIrisfabrikken\u00bb, og den unike beliggenheten gj\u00f8r oss lett tilgjengelig, og gir oss rikelig med parkering.","og_url":"https:\/\/energi-trening.no\/os\/om-oss\/","og_site_name":"Energi Trening | Os","article_modified_time":"2024-04-18T15:54:45+00:00","og_image":[{"width":1920,"height":2560,"url":"https:\/\/energi-trening.no\/os\/wp-content\/uploads\/sites\/2\/2024\/04\/IMG_1970-scaled.jpg","type":"image\/jpeg"}],"twitter_card":"summary_large_image","twitter_misc":{"Ansl. lesetid":"2 minutter"},"schema":{"@context":"https:\/\/schema.org","@graph":[{"@type":"WebPage","@id":"https:\/\/energi-trening.no\/os\/om-oss\/","url":"https:\/\/energi-trening.no\/os\/om-oss\/","name":"Om oss | Energi Trening | Os","isPartOf":{"@id":"https:\/\/energi-trening.no\/os\/#website"},"primaryImageOfPage":{"@id":"https:\/\/energi-trening.no\/os\/om-oss\/#primaryimage"},"image":{"@id":"https:\/\/energi-trening.no\/os\/om-oss\/#primaryimage"},"thumbnailUrl":"https:\/\/energi-trening.no\/os\/wp-content\/uploads\/sites\/2\/2024\/04\/IMG_1970-scaled.jpg","datePublished":"2022-11-18T00:30:27+00:00","dateModified":"2024-04-18T15:54:45+00:00","description":"Energi Trening Os holder til i \u00abIrisfabrikken\u00bb, og den unike beliggenheten gj\u00f8r oss lett tilgjengelig, og gir oss rikelig med parkering.","breadcrumb":{"@id":"https:\/\/energi-trening.no\/os\/om-oss\/#breadcrumb"},"inLanguage":"nb-NO","potentialAction":[{"@type":"ReadAction","target":["https:\/\/energi-trening.no\/os\/om-oss\/"]}]},{"@type":"ImageObject","inLanguage":"nb-NO","@id":"https:\/\/energi-trening.no\/os\/om-oss\/#primaryimage","url":"https:\/\/energi-trening.no\/os\/wp-content\/uploads\/sites\/2\/2024\/04\/IMG_1970-scaled.jpg","contentUrl":"https:\/\/energi-trening.no\/os\/wp-content\/uploads\/sites\/2\/2024\/04\/IMG_1970-scaled.jpg","width":1920,"height":2560},{"@type":"BreadcrumbList","@id":"https:\/\/energi-trening.no\/os\/om-oss\/#breadcrumb","itemListElement":[{"@type":"ListItem","position":1,"name":"Hjem","item":"https:\/\/energi-trening.no\/os\/"},{"@type":"ListItem","position":2,"name":"Om oss"}]},{"@type":"WebSite","@id":"https:\/\/energi-trening.no\/os\/#website","url":"https:\/\/energi-trening.no\/os\/","name":"Energi Trening | Os","description":"","publisher":{"@id":"https:\/\/energi-trening.no\/os\/#organization"},"potentialAction":[{"@type":"SearchAction","target":{"@type":"EntryPoint","urlTemplate":"https:\/\/energi-trening.no\/os\/?s={search_term_string}"},"query-input":{"@type":"PropertyValueSpecification","valueRequired":true,"valueName":"search_term_string"}}],"inLanguage":"nb-NO"},{"@type":"Organization","@id":"https:\/\/energi-trening.no\/os\/#organization","name":"Energi Trening | Os","url":"https:\/\/energi-trening.no\/os\/","logo":{"@type":"ImageObject","inLanguage":"nb-NO","@id":"https:\/\/energi-trening.no\/os\/#\/schema\/logo\/image\/","url":"https:\/\/energi-trening.no\/os\/wp-content\/uploads\/sites\/2\/2022\/11\/logo.svg","contentUrl":"https:\/\/energi-trening.no\/os\/wp-content\/uploads\/sites\/2\/2022\/11\/logo.svg","width":190,"height":58,"caption":"Energi Trening | Os"},"image":{"@id":"https:\/\/energi-trening.no\/os\/#\/schema\/logo\/image\/"}}]}},"_links":{"self":[{"href":"https:\/\/energi-trening.no\/os\/wp-json\/wp\/v2\/pages\/48","targetHints":{"allow":["GET"]}}],"collection":[{"href":"https:\/\/energi-trening.no\/os\/wp-json\/wp\/v2\/pages"}],"about":[{"href":"https:\/\/energi-trening.no\/os\/wp-json\/wp\/v2\/types\/page"}],"author":[{"embeddable":true,"href":"https:\/\/energi-trening.no\/os\/wp-json\/wp\/v2\/users\/3"}],"replies":[{"embeddable":true,"href":"https:\/\/energi-trening.no\/os\/wp-json\/wp\/v2\/comments?post=48"}],"version-history":[{"count":55,"href":"https:\/\/energi-trening.no\/os\/wp-json\/wp\/v2\/pages\/48\/revisions"}],"predecessor-version":[{"id":833,"href":"https:\/\/energi-trening.no\/os\/wp-json\/wp\/v2\/pages\/48\/revisions\/833"}],"wp:featuredmedia":[{"embeddable":true,"href":"https:\/\/energi-trening.no\/os\/wp-json\/wp\/v2\/media\/806"}],"wp:attachment":[{"href":"https:\/\/energi-trening.no\/os\/wp-json\/wp\/v2\/media?parent=48"}],"curies":[{"name":"wp","href":"https:\/\/api.w.org\/{rel}","templated":true}]}}