{"id":706,"date":"2023-04-19T13:20:43","date_gmt":"2023-04-19T13:20:43","guid":{"rendered":"https:\/\/energi-trening.no\/laksevag\/?page_id=706"},"modified":"2024-07-30T12:58:39","modified_gmt":"2024-07-30T12:58:39","slug":"gratis-provetime","status":"publish","type":"page","link":"https:\/\/energi-trening.no\/laksevag\/gratis-provetime\/","title":{"rendered":"Gratis pr\u00f8vetime"},"content":{"rendered":"\t\t<div data-elementor-type=\"wp-page\" data-elementor-id=\"706\" class=\"elementor elementor-706\" data-elementor-post-type=\"page\">\n\t\t\t\t\t\t<section data-particle_enable=\"false\" data-particle-mobile-disabled=\"false\" class=\"elementor-section elementor-top-section elementor-element elementor-element-1969db69 elementor-section-full_width elementor-section-height-default elementor-section-height-default\" data-id=\"1969db69\" data-element_type=\"section\" data-e-type=\"section\">\n\t\t\t\t\t\t<div class=\"elementor-container elementor-column-gap-no\">\n\t\t\t\t\t<div class=\"elementor-column elementor-col-100 elementor-top-column elementor-element elementor-element-11ec741\" data-id=\"11ec741\" data-element_type=\"column\" data-e-type=\"column\">\n\t\t\t<div class=\"elementor-widget-wrap elementor-element-populated\">\n\t\t\t\t\t\t<div class=\"elementor-element elementor-element-72454e5b elementor-widget elementor-widget-image\" data-id=\"72454e5b\" data-element_type=\"widget\" data-e-type=\"widget\" data-widget_type=\"image.default\">\n\t\t\t\t<div class=\"elementor-widget-container\">\n\t\t\t\t\t\t\t\t\t\t\t\t\t\t\t<img decoding=\"async\" width=\"145\" height=\"289\" src=\"https:\/\/energi-trening.no\/laksevag\/wp-content\/uploads\/sites\/4\/2023\/01\/shape-pink.png\" class=\"attachment-full size-full wp-image-460\" alt=\"\" \/>\t\t\t\t\t\t\t\t\t\t\t\t\t\t\t<\/div>\n\t\t\t\t<\/div>\n\t\t\t\t\t<\/div>\n\t\t<\/div>\n\t\t\t\t\t<\/div>\n\t\t<\/section>\n\t\t\t\t<section data-particle_enable=\"false\" data-particle-mobile-disabled=\"false\" class=\"elementor-section elementor-top-section elementor-element elementor-element-4ab6f832 elementor-section-boxed elementor-section-height-default elementor-section-height-default\" data-id=\"4ab6f832\" data-element_type=\"section\" data-e-type=\"section\" data-settings=\"{&quot;background_background&quot;:&quot;classic&quot;}\">\n\t\t\t\t\t\t\t<div class=\"elementor-background-overlay\"><\/div>\n\t\t\t\t\t\t\t<div class=\"elementor-container elementor-column-gap-no\">\n\t\t\t\t\t<div class=\"elementor-column elementor-col-100 elementor-top-column elementor-element elementor-element-28cace18\" data-id=\"28cace18\" data-element_type=\"column\" data-e-type=\"column\">\n\t\t\t<div class=\"elementor-widget-wrap elementor-element-populated\">\n\t\t\t\t\t\t<div class=\"elementor-element elementor-element-4e375d56 elementor-widget__width-initial elementor-widget-mobile__width-inherit elementor-widget-tablet__width-inherit elementor-widget elementor-widget-heading\" data-id=\"4e375d56\" data-element_type=\"widget\" data-e-type=\"widget\" data-widget_type=\"heading.default\">\n\t\t\t\t<div class=\"elementor-widget-container\">\n\t\t\t\t\t<h2 class=\"elementor-heading-title elementor-size-default\">Gratis pr\u00f8vetime!<\/h2>\t\t\t\t<\/div>\n\t\t\t\t<\/div>\n\t\t\t\t<div class=\"elementor-element elementor-element-137f5e96 elementor-widget__width-initial elementor-widget-tablet__width-inherit elementor-widget elementor-widget-text-editor\" data-id=\"137f5e96\" data-element_type=\"widget\" data-e-type=\"widget\" data-widget_type=\"text-editor.default\">\n\t\t\t\t<div class=\"elementor-widget-container\">\n\t\t\t\t\t\t\t\t\t<div class=\"elementor-element elementor-element-62685c5f elementor-widget__width-initial elementor-widget-tablet__width-inherit elementor-widget elementor-widget-text-editor\" data-id=\"62685c5f\" data-element_type=\"widget\" data-widget_type=\"text-editor.default\"><div class=\"elementor-widget-container\"><div class=\"elementor-element elementor-element-7411226f elementor-widget__width-initial elementor-widget-tablet__width-inherit elementor-widget elementor-widget-text-editor\" data-id=\"7411226f\" data-element_type=\"widget\" data-widget_type=\"text-editor.default\"><div class=\"elementor-widget-container\"><div data-id=\"62685c5f\" data-element_type=\"widget\" data-widget_type=\"text-editor.default\"><div><p>Har du lyst til \u00e5 teste Energi Trening Laksev\u00e5g? Vi tilbyr en gratis pr\u00f8vetime slik at du kan pr\u00f8ve ut v\u00e5rt treningstilbud. Alt du trenger \u00e5 gj\u00f8re er \u00e5 komme inn i v\u00e5r bemanningstid og s\u00e5 f\u00e5r du testet ut senteret. Ta gjerne med en venn!<\/p><\/div><\/div><\/div><\/div><div id=\"kontakt\" class=\"elementor-element elementor-element-3c1280e4 elementor-button-align-end elementor-mobile-button-align-stretch elementor-widget__width-initial elementor-widget-tablet__width-inherit hover-white gm-form elementor-widget-mobile__width-inherit elementor-widget elementor-widget-form\" data-id=\"3c1280e4\" data-element_type=\"widget\" data-settings=\"{&quot;button_width&quot;:&quot;30&quot;,&quot;button_width_mobile&quot;:&quot;100&quot;,&quot;step_next_label&quot;:&quot;Next&quot;,&quot;step_previous_label&quot;:&quot;Previous&quot;,&quot;step_type&quot;:&quot;number_text&quot;,&quot;step_icon_shape&quot;:&quot;circle&quot;}\" data-widget_type=\"form.default\"><div class=\"elementor-widget-container\"><div class=\"elementor-form-fields-wrapper elementor-labels-\"><div class=\"elementor-field-type-text elementor-field-group elementor-column elementor-field-group-firstname elementor-col-50 elementor-field-required\">\u00a0<\/div><\/div><\/div><\/div><\/div><\/div>\t\t\t\t\t\t\t\t<\/div>\n\t\t\t\t<\/div>\n\t\t\t\t<div class=\"elementor-element elementor-element-7108cf13 elementor-button-align-end elementor-mobile-button-align-stretch elementor-widget__width-initial elementor-widget-tablet__width-inherit hover-white gm-form elementor-widget elementor-widget-form\" data-id=\"7108cf13\" data-element_type=\"widget\" data-e-type=\"widget\" id=\"kontakt\" data-settings=\"{&quot;button_width&quot;:&quot;30&quot;,&quot;button_width_mobile&quot;:&quot;100&quot;,&quot;step_next_label&quot;:&quot;Next&quot;,&quot;step_previous_label&quot;:&quot;Previous&quot;,&quot;step_type&quot;:&quot;number_text&quot;,&quot;step_icon_shape&quot;:&quot;circle&quot;}\" data-widget_type=\"form.default\">\n\t\t\t\t<div class=\"elementor-widget-container\">\n\t\t\t\t\t\t\t<form class=\"elementor-form\" method=\"post\" name=\"New Form\" aria-label=\"New Form\">\n\t\t\t<input type=\"hidden\" name=\"post_id\" value=\"706\"\/>\n\t\t\t<input type=\"hidden\" name=\"form_id\" value=\"7108cf13\"\/>\n\t\t\t<input type=\"hidden\" name=\"referer_title\" value=\"Energi Trening | Laksev\u00e5g\" \/>\n\n\t\t\t\n\t\t\t<div class=\"elementor-form-fields-wrapper elementor-labels-\">\n\t\t\t\t\t\t\t\t<div class=\"elementor-field-type-text elementor-field-group elementor-column elementor-field-group-firstname elementor-col-50 elementor-field-required\">\n\t\t\t\t\t\t\t\t\t\t\t\t<label for=\"form-field-firstname\" class=\"elementor-field-label elementor-screen-only\">\n\t\t\t\t\t\t\t\tFornavn\t\t\t\t\t\t\t<\/label>\n\t\t\t\t\t\t\t\t\t\t\t\t\t\t<input size=\"1\" type=\"text\" name=\"form_fields[firstname]\" id=\"form-field-firstname\" class=\"elementor-field elementor-size-lg  elementor-field-textual\" placeholder=\"Fornavn\" required=\"required\">\n\t\t\t\t\t\t\t\t\t\t\t<\/div>\n\t\t\t\t\t\t\t\t<div class=\"elementor-field-type-text elementor-field-group elementor-column elementor-field-group-surname elementor-col-50 elementor-field-required\">\n\t\t\t\t\t\t\t\t\t\t\t\t<label for=\"form-field-surname\" class=\"elementor-field-label elementor-screen-only\">\n\t\t\t\t\t\t\t\tEtternavn\t\t\t\t\t\t\t<\/label>\n\t\t\t\t\t\t\t\t\t\t\t\t\t\t<input size=\"1\" type=\"text\" name=\"form_fields[surname]\" id=\"form-field-surname\" class=\"elementor-field elementor-size-lg  elementor-field-textual\" placeholder=\"Etternavn\" required=\"required\">\n\t\t\t\t\t\t\t\t\t\t\t<\/div>\n\t\t\t\t\t\t\t\t<div class=\"elementor-field-type-email elementor-field-group elementor-column elementor-field-group-email elementor-col-50 elementor-field-required\">\n\t\t\t\t\t\t\t\t\t\t\t\t<label for=\"form-field-email\" class=\"elementor-field-label elementor-screen-only\">\n\t\t\t\t\t\t\t\tE-post\t\t\t\t\t\t\t<\/label>\n\t\t\t\t\t\t\t\t\t\t\t\t\t\t<input size=\"1\" type=\"email\" name=\"form_fields[email]\" id=\"form-field-email\" class=\"elementor-field elementor-size-lg  elementor-field-textual\" placeholder=\"E-post\" required=\"required\">\n\t\t\t\t\t\t\t\t\t\t\t<\/div>\n\t\t\t\t\t\t\t\t<div class=\"elementor-field-type-checkbox elementor-field-group elementor-column elementor-field-group-field_ca49d8f elementor-col-70\">\n\t\t\t\t\t\t\t\t\t\t\t\t<label for=\"form-field-field_ca49d8f\" class=\"elementor-field-label elementor-screen-only\">\n\t\t\t\t\t\t\t\t GDRP-godkjenningstekst med lenk\t\t\t\t\t\t\t<\/label>\n\t\t\t\t\t\t<div class=\"elementor-field-subgroup  elementor-subgroup-inline\"><span class=\"elementor-field-option\"><input type=\"checkbox\" value=\"Jeg samtykker til &lt;a href=&quot;https:\/\/energi-trening.no\/personvernerklaering\/&quot;&gt;personvernerkl\u00e6ringen&lt;\/a&gt;\" id=\"form-field-field_ca49d8f-0\" name=\"form_fields[field_ca49d8f]\"> <label for=\"form-field-field_ca49d8f-0\">Jeg samtykker til <a href=\"https:\/\/energi-trening.no\/personvernerklaering\/\">personvernerkl\u00e6ringen<\/a><\/label><\/span><\/div>\t\t\t\t<\/div>\n\t\t\t\t\t\t\t\t<div class=\"elementor-field-group elementor-column elementor-field-type-submit elementor-col-30 e-form__buttons elementor-sm-100\">\n\t\t\t\t\t<button class=\"elementor-button elementor-size-sm\" type=\"submit\">\n\t\t\t\t\t\t<span class=\"elementor-button-content-wrapper\">\n\t\t\t\t\t\t\t\t\t\t\t\t\t\t\t<span class=\"elementor-button-icon\">\n\t\t\t\t\t\t\t\t\t<svg xmlns=\"http:\/\/www.w3.org\/2000\/svg\" width=\"25\" height=\"16\" viewBox=\"0 0 25 16\" fill=\"none\"><path d=\"M1.59558 7.8623L22.0276 7.8623\" stroke=\"#BEFB17\" stroke-width=\"2\" stroke-linecap=\"square\" stroke-linejoin=\"round\"><\/path><path d=\"M17.6041 13.6624L23.4043 7.86218L17.6041 2.06201\" stroke=\"#BEFB17\" stroke-width=\"2\" stroke-linecap=\"square\" stroke-linejoin=\"round\"><\/path><\/svg>\t\t\t\t\t\t\t\t\t\t\t\t\t\t\t\t\t<\/span>\n\t\t\t\t\t\t\t\t\t\t\t\t\t\t\t\t\t\t\t\t\t\t<span class=\"elementor-button-text\">Sende<\/span>\n\t\t\t\t\t\t\t\t\t\t\t\t\t<\/span>\n\t\t\t\t\t<\/button>\n\t\t\t\t<\/div>\n\t\t\t<\/div>\n\t\t<\/form>\n\t\t\t\t\t\t<\/div>\n\t\t\t\t<\/div>\n\t\t\t\t\t<\/div>\n\t\t<\/div>\n\t\t\t\t\t<\/div>\n\t\t<\/section>\n\t\t\t\t<section data-particle_enable=\"false\" data-particle-mobile-disabled=\"false\" class=\"elementor-section elementor-top-section elementor-element elementor-element-59cea54f elementor-section-full_width elementor-section-height-default elementor-section-height-default\" data-id=\"59cea54f\" data-element_type=\"section\" data-e-type=\"section\">\n\t\t\t\t\t\t<div class=\"elementor-container elementor-column-gap-no\">\n\t\t\t\t\t<div class=\"elementor-column elementor-col-100 elementor-top-column elementor-element elementor-element-7e347f6\" data-id=\"7e347f6\" data-element_type=\"column\" data-e-type=\"column\">\n\t\t\t<div class=\"elementor-widget-wrap elementor-element-populated\">\n\t\t\t\t\t\t<div class=\"elementor-element elementor-element-8516617 elementor-widget elementor-widget-image\" data-id=\"8516617\" data-element_type=\"widget\" data-e-type=\"widget\" data-widget_type=\"image.default\">\n\t\t\t\t<div class=\"elementor-widget-container\">\n\t\t\t\t\t\t\t\t\t\t\t\t\t\t\t<img fetchpriority=\"high\" decoding=\"async\" width=\"595\" height=\"576\" src=\"https:\/\/energi-trening.no\/laksevag\/wp-content\/uploads\/sites\/4\/2023\/01\/shape-top-left-min-1.png\" class=\"attachment-full size-full wp-image-464\" alt=\"\" srcset=\"https:\/\/energi-trening.no\/laksevag\/wp-content\/uploads\/sites\/4\/2023\/01\/shape-top-left-min-1.png 595w, https:\/\/energi-trening.no\/laksevag\/wp-content\/uploads\/sites\/4\/2023\/01\/shape-top-left-min-1-300x290.png 300w\" sizes=\"(max-width: 595px) 100vw, 595px\" \/>\t\t\t\t\t\t\t\t\t\t\t\t\t\t\t<\/div>\n\t\t\t\t<\/div>\n\t\t\t\t\t<\/div>\n\t\t<\/div>\n\t\t\t\t\t<\/div>\n\t\t<\/section>\n\t\t\t\t<section data-particle_enable=\"false\" data-particle-mobile-disabled=\"false\" class=\"elementor-section elementor-top-section elementor-element elementor-element-1c2de4d5 elementor-section-boxed elementor-section-height-default elementor-section-height-default\" data-id=\"1c2de4d5\" data-element_type=\"section\" data-e-type=\"section\" data-settings=\"{&quot;background_background&quot;:&quot;classic&quot;}\">\n\t\t\t\t\t\t<div class=\"elementor-container elementor-column-gap-no\">\n\t\t\t\t\t<div class=\"elementor-column elementor-col-100 elementor-top-column elementor-element elementor-element-4b19f926\" data-id=\"4b19f926\" data-element_type=\"column\" data-e-type=\"column\">\n\t\t\t<div class=\"elementor-widget-wrap elementor-element-populated\">\n\t\t\t\t\t\t<div class=\"elementor-element elementor-element-7f46f796 elementor-widget__width-initial elementor-widget-mobile__width-inherit elementor-widget elementor-widget-heading\" data-id=\"7f46f796\" data-element_type=\"widget\" data-e-type=\"widget\" data-widget_type=\"heading.default\">\n\t\t\t\t<div class=\"elementor-widget-container\">\n\t\t\t\t\t<h2 class=\"elementor-heading-title elementor-size-default\">Energi Trening Laksev\u00e5g<\/h2>\t\t\t\t<\/div>\n\t\t\t\t<\/div>\n\t\t\t\t<div class=\"elementor-element elementor-element-25001604 elementor-widget__width-initial elementor-widget-tablet__width-inherit elementor-widget elementor-widget-text-editor\" data-id=\"25001604\" data-element_type=\"widget\" data-e-type=\"widget\" data-widget_type=\"text-editor.default\">\n\t\t\t\t<div class=\"elementor-widget-container\">\n\t\t\t\t\t\t\t\t\t<p>Adresse: <a href=\"https:\/\/www.google.com\/maps?ll=60.389718,5.287793&amp;z=16&amp;t=m&amp;hl=en-GB&amp;gl=US&amp;mapclient=embed&amp;q=60%C2%B023%2723.0%22N+5%C2%B017%2716.1%22E+60.389718,+5.287793@60.3897176,5.2877927\">Johan Berentsens vei 8, 5160 Bergen<\/a><br \/>Telefon: <a href=\"tel:55626231\">55 62 62 31<\/a><br \/>E-post: <a href=\"mailto:kontakt@energi-trening.no\">kontakt@energi-trening.no<\/a><\/p>\t\t\t\t\t\t\t\t<\/div>\n\t\t\t\t<\/div>\n\t\t\t\t\t<\/div>\n\t\t<\/div>\n\t\t\t\t\t<\/div>\n\t\t<\/section>\n\t\t\t\t<\/div>\n\t\t","protected":false},"excerpt":{"rendered":"<p>Gratis pr\u00f8vetime! Har du lyst til \u00e5 teste Energi Trening Laksev\u00e5g? Vi tilbyr en gratis pr\u00f8vetime slik at du kan pr\u00f8ve ut v\u00e5rt treningstilbud. Alt du trenger \u00e5 gj\u00f8re er \u00e5 komme inn i v\u00e5r bemanningstid og s\u00e5 f\u00e5r du testet ut senteret. Ta gjerne med en venn! \u00a0 Energi Trening Laksev\u00e5g Adresse: Johan Berentsens [&hellip;]<\/p>\n","protected":false},"author":2,"featured_media":0,"parent":0,"menu_order":0,"comment_status":"closed","ping_status":"closed","template":"elementor_header_footer","meta":{"footnotes":""},"class_list":["post-706","page","type-page","status-publish","hentry"],"yoast_head":"<!-- This site is optimized with the Yoast SEO plugin v27.4 - https:\/\/yoast.com\/product\/yoast-seo-wordpress\/ -->\n<title>Gratis pr\u00f8vetime | Energi Trening | Laksev\u00e5g<\/title>\n<meta name=\"description\" content=\"Har du lyst \u00e5 pr\u00f8ve Energi Trening Laksev\u00e5g f\u00f8r du melder deg inn? F\u00e5 en gratis pr\u00f8vetime ved \u00e5 sende inn skjemaet p\u00e5 denne siden!\" \/>\n<meta name=\"robots\" content=\"index, follow, max-snippet:-1, max-image-preview:large, max-video-preview:-1\" \/>\n<link rel=\"canonical\" href=\"https:\/\/energi-trening.no\/laksevag\/gratis-provetime\/\" \/>\n<meta property=\"og:locale\" content=\"nb_NO\" \/>\n<meta property=\"og:type\" content=\"article\" \/>\n<meta property=\"og:title\" content=\"Gratis pr\u00f8vetime | Energi Trening | Laksev\u00e5g\" \/>\n<meta property=\"og:description\" content=\"Har du lyst \u00e5 pr\u00f8ve Energi Trening Laksev\u00e5g f\u00f8r du melder deg inn? F\u00e5 en gratis pr\u00f8vetime ved \u00e5 sende inn skjemaet p\u00e5 denne siden!\" \/>\n<meta property=\"og:url\" content=\"https:\/\/energi-trening.no\/laksevag\/gratis-provetime\/\" \/>\n<meta property=\"og:site_name\" content=\"Energi Trening | Laksev\u00e5g\" \/>\n<meta property=\"article:modified_time\" content=\"2024-07-30T12:58:39+00:00\" \/>\n<meta property=\"og:image\" content=\"https:\/\/energi-trening.no\/laksevag\/wp-content\/uploads\/sites\/4\/2023\/01\/shape-pink.png\" \/>\n<meta name=\"twitter:card\" content=\"summary_large_image\" \/>\n<meta name=\"twitter:label1\" content=\"Ansl. lesetid\" \/>\n\t<meta name=\"twitter:data1\" content=\"2 minutter\" \/>\n<script type=\"application\/ld+json\" class=\"yoast-schema-graph\">{\"@context\":\"https:\\\/\\\/schema.org\",\"@graph\":[{\"@type\":[\"WebPage\",\"ContactPage\"],\"@id\":\"https:\\\/\\\/energi-trening.no\\\/laksevag\\\/gratis-provetime\\\/\",\"url\":\"https:\\\/\\\/energi-trening.no\\\/laksevag\\\/gratis-provetime\\\/\",\"name\":\"Gratis pr\u00f8vetime | Energi Trening | Laksev\u00e5g\",\"isPartOf\":{\"@id\":\"https:\\\/\\\/energi-trening.no\\\/laksevag\\\/#website\"},\"primaryImageOfPage\":{\"@id\":\"https:\\\/\\\/energi-trening.no\\\/laksevag\\\/gratis-provetime\\\/#primaryimage\"},\"image\":{\"@id\":\"https:\\\/\\\/energi-trening.no\\\/laksevag\\\/gratis-provetime\\\/#primaryimage\"},\"thumbnailUrl\":\"https:\\\/\\\/energi-trening.no\\\/laksevag\\\/wp-content\\\/uploads\\\/sites\\\/4\\\/2023\\\/01\\\/shape-pink.png\",\"datePublished\":\"2023-04-19T13:20:43+00:00\",\"dateModified\":\"2024-07-30T12:58:39+00:00\",\"description\":\"Har du lyst \u00e5 pr\u00f8ve Energi Trening Laksev\u00e5g f\u00f8r du melder deg inn? F\u00e5 en gratis pr\u00f8vetime ved \u00e5 sende inn skjemaet p\u00e5 denne siden!\",\"breadcrumb\":{\"@id\":\"https:\\\/\\\/energi-trening.no\\\/laksevag\\\/gratis-provetime\\\/#breadcrumb\"},\"inLanguage\":\"nb-NO\",\"potentialAction\":[{\"@type\":\"ReadAction\",\"target\":[\"https:\\\/\\\/energi-trening.no\\\/laksevag\\\/gratis-provetime\\\/\"]}]},{\"@type\":\"ImageObject\",\"inLanguage\":\"nb-NO\",\"@id\":\"https:\\\/\\\/energi-trening.no\\\/laksevag\\\/gratis-provetime\\\/#primaryimage\",\"url\":\"https:\\\/\\\/energi-trening.no\\\/laksevag\\\/wp-content\\\/uploads\\\/sites\\\/4\\\/2023\\\/01\\\/shape-pink.png\",\"contentUrl\":\"https:\\\/\\\/energi-trening.no\\\/laksevag\\\/wp-content\\\/uploads\\\/sites\\\/4\\\/2023\\\/01\\\/shape-pink.png\",\"width\":145,\"height\":289},{\"@type\":\"BreadcrumbList\",\"@id\":\"https:\\\/\\\/energi-trening.no\\\/laksevag\\\/gratis-provetime\\\/#breadcrumb\",\"itemListElement\":[{\"@type\":\"ListItem\",\"position\":1,\"name\":\"Hjem\",\"item\":\"https:\\\/\\\/energi-trening.no\\\/laksevag\\\/\"},{\"@type\":\"ListItem\",\"position\":2,\"name\":\"Gratis pr\u00f8vetime\"}]},{\"@type\":\"WebSite\",\"@id\":\"https:\\\/\\\/energi-trening.no\\\/laksevag\\\/#website\",\"url\":\"https:\\\/\\\/energi-trening.no\\\/laksevag\\\/\",\"name\":\"Energi Trening | Laksev\u00e5g\",\"description\":\"\",\"publisher\":{\"@id\":\"https:\\\/\\\/energi-trening.no\\\/laksevag\\\/#organization\"},\"potentialAction\":[{\"@type\":\"SearchAction\",\"target\":{\"@type\":\"EntryPoint\",\"urlTemplate\":\"https:\\\/\\\/energi-trening.no\\\/laksevag\\\/?s={search_term_string}\"},\"query-input\":{\"@type\":\"PropertyValueSpecification\",\"valueRequired\":true,\"valueName\":\"search_term_string\"}}],\"inLanguage\":\"nb-NO\"},{\"@type\":\"Organization\",\"@id\":\"https:\\\/\\\/energi-trening.no\\\/laksevag\\\/#organization\",\"name\":\"Energi Trening | Laksev\u00e5g\",\"url\":\"https:\\\/\\\/energi-trening.no\\\/laksevag\\\/\",\"logo\":{\"@type\":\"ImageObject\",\"inLanguage\":\"nb-NO\",\"@id\":\"https:\\\/\\\/energi-trening.no\\\/laksevag\\\/#\\\/schema\\\/logo\\\/image\\\/\",\"url\":\"https:\\\/\\\/energi-trening.no\\\/laksevag\\\/wp-content\\\/uploads\\\/sites\\\/4\\\/2022\\\/11\\\/logo-1.svg\",\"contentUrl\":\"https:\\\/\\\/energi-trening.no\\\/laksevag\\\/wp-content\\\/uploads\\\/sites\\\/4\\\/2022\\\/11\\\/logo-1.svg\",\"width\":190,\"height\":58,\"caption\":\"Energi Trening | Laksev\u00e5g\"},\"image\":{\"@id\":\"https:\\\/\\\/energi-trening.no\\\/laksevag\\\/#\\\/schema\\\/logo\\\/image\\\/\"}}]}<\/script>\n<!-- \/ Yoast SEO plugin. -->","yoast_head_json":{"title":"Gratis pr\u00f8vetime | Energi Trening | Laksev\u00e5g","description":"Har du lyst \u00e5 pr\u00f8ve Energi Trening Laksev\u00e5g f\u00f8r du melder deg inn? F\u00e5 en gratis pr\u00f8vetime ved \u00e5 sende inn skjemaet p\u00e5 denne siden!","robots":{"index":"index","follow":"follow","max-snippet":"max-snippet:-1","max-image-preview":"max-image-preview:large","max-video-preview":"max-video-preview:-1"},"canonical":"https:\/\/energi-trening.no\/laksevag\/gratis-provetime\/","og_locale":"nb_NO","og_type":"article","og_title":"Gratis pr\u00f8vetime | Energi Trening | Laksev\u00e5g","og_description":"Har du lyst \u00e5 pr\u00f8ve Energi Trening Laksev\u00e5g f\u00f8r du melder deg inn? F\u00e5 en gratis pr\u00f8vetime ved \u00e5 sende inn skjemaet p\u00e5 denne siden!","og_url":"https:\/\/energi-trening.no\/laksevag\/gratis-provetime\/","og_site_name":"Energi Trening | Laksev\u00e5g","article_modified_time":"2024-07-30T12:58:39+00:00","og_image":[{"url":"https:\/\/energi-trening.no\/laksevag\/wp-content\/uploads\/sites\/4\/2023\/01\/shape-pink.png","type":"","width":"","height":""}],"twitter_card":"summary_large_image","twitter_misc":{"Ansl. lesetid":"2 minutter"},"schema":{"@context":"https:\/\/schema.org","@graph":[{"@type":["WebPage","ContactPage"],"@id":"https:\/\/energi-trening.no\/laksevag\/gratis-provetime\/","url":"https:\/\/energi-trening.no\/laksevag\/gratis-provetime\/","name":"Gratis pr\u00f8vetime | Energi Trening | Laksev\u00e5g","isPartOf":{"@id":"https:\/\/energi-trening.no\/laksevag\/#website"},"primaryImageOfPage":{"@id":"https:\/\/energi-trening.no\/laksevag\/gratis-provetime\/#primaryimage"},"image":{"@id":"https:\/\/energi-trening.no\/laksevag\/gratis-provetime\/#primaryimage"},"thumbnailUrl":"https:\/\/energi-trening.no\/laksevag\/wp-content\/uploads\/sites\/4\/2023\/01\/shape-pink.png","datePublished":"2023-04-19T13:20:43+00:00","dateModified":"2024-07-30T12:58:39+00:00","description":"Har du lyst \u00e5 pr\u00f8ve Energi Trening Laksev\u00e5g f\u00f8r du melder deg inn? F\u00e5 en gratis pr\u00f8vetime ved \u00e5 sende inn skjemaet p\u00e5 denne siden!","breadcrumb":{"@id":"https:\/\/energi-trening.no\/laksevag\/gratis-provetime\/#breadcrumb"},"inLanguage":"nb-NO","potentialAction":[{"@type":"ReadAction","target":["https:\/\/energi-trening.no\/laksevag\/gratis-provetime\/"]}]},{"@type":"ImageObject","inLanguage":"nb-NO","@id":"https:\/\/energi-trening.no\/laksevag\/gratis-provetime\/#primaryimage","url":"https:\/\/energi-trening.no\/laksevag\/wp-content\/uploads\/sites\/4\/2023\/01\/shape-pink.png","contentUrl":"https:\/\/energi-trening.no\/laksevag\/wp-content\/uploads\/sites\/4\/2023\/01\/shape-pink.png","width":145,"height":289},{"@type":"BreadcrumbList","@id":"https:\/\/energi-trening.no\/laksevag\/gratis-provetime\/#breadcrumb","itemListElement":[{"@type":"ListItem","position":1,"name":"Hjem","item":"https:\/\/energi-trening.no\/laksevag\/"},{"@type":"ListItem","position":2,"name":"Gratis pr\u00f8vetime"}]},{"@type":"WebSite","@id":"https:\/\/energi-trening.no\/laksevag\/#website","url":"https:\/\/energi-trening.no\/laksevag\/","name":"Energi Trening | Laksev\u00e5g","description":"","publisher":{"@id":"https:\/\/energi-trening.no\/laksevag\/#organization"},"potentialAction":[{"@type":"SearchAction","target":{"@type":"EntryPoint","urlTemplate":"https:\/\/energi-trening.no\/laksevag\/?s={search_term_string}"},"query-input":{"@type":"PropertyValueSpecification","valueRequired":true,"valueName":"search_term_string"}}],"inLanguage":"nb-NO"},{"@type":"Organization","@id":"https:\/\/energi-trening.no\/laksevag\/#organization","name":"Energi Trening | Laksev\u00e5g","url":"https:\/\/energi-trening.no\/laksevag\/","logo":{"@type":"ImageObject","inLanguage":"nb-NO","@id":"https:\/\/energi-trening.no\/laksevag\/#\/schema\/logo\/image\/","url":"https:\/\/energi-trening.no\/laksevag\/wp-content\/uploads\/sites\/4\/2022\/11\/logo-1.svg","contentUrl":"https:\/\/energi-trening.no\/laksevag\/wp-content\/uploads\/sites\/4\/2022\/11\/logo-1.svg","width":190,"height":58,"caption":"Energi Trening | Laksev\u00e5g"},"image":{"@id":"https:\/\/energi-trening.no\/laksevag\/#\/schema\/logo\/image\/"}}]}},"_links":{"self":[{"href":"https:\/\/energi-trening.no\/laksevag\/wp-json\/wp\/v2\/pages\/706","targetHints":{"allow":["GET"]}}],"collection":[{"href":"https:\/\/energi-trening.no\/laksevag\/wp-json\/wp\/v2\/pages"}],"about":[{"href":"https:\/\/energi-trening.no\/laksevag\/wp-json\/wp\/v2\/types\/page"}],"author":[{"embeddable":true,"href":"https:\/\/energi-trening.no\/laksevag\/wp-json\/wp\/v2\/users\/2"}],"replies":[{"embeddable":true,"href":"https:\/\/energi-trening.no\/laksevag\/wp-json\/wp\/v2\/comments?post=706"}],"version-history":[{"count":7,"href":"https:\/\/energi-trening.no\/laksevag\/wp-json\/wp\/v2\/pages\/706\/revisions"}],"predecessor-version":[{"id":733,"href":"https:\/\/energi-trening.no\/laksevag\/wp-json\/wp\/v2\/pages\/706\/revisions\/733"}],"wp:attachment":[{"href":"https:\/\/energi-trening.no\/laksevag\/wp-json\/wp\/v2\/media?parent=706"}],"curies":[{"name":"wp","href":"https:\/\/api.w.org\/{rel}","templated":true}]}}