{"id":738,"date":"2023-04-19T13:14:39","date_gmt":"2023-04-19T13:14:39","guid":{"rendered":"https:\/\/energi-trening.no\/askoy\/?page_id=738"},"modified":"2023-04-19T13:35:34","modified_gmt":"2023-04-19T13:35:34","slug":"gratis-provetime","status":"publish","type":"page","link":"https:\/\/energi-trening.no\/askoy\/gratis-provetime\/","title":{"rendered":"Gratis pr\u00f8vetime"},"content":{"rendered":"\t\t<div data-elementor-type=\"wp-page\" data-elementor-id=\"738\" class=\"elementor elementor-738\" data-elementor-post-type=\"page\">\n\t\t\t\t\t\t<section data-particle_enable=\"false\" data-particle-mobile-disabled=\"false\" class=\"elementor-section elementor-top-section elementor-element elementor-element-12c7bba1 elementor-section-full_width elementor-section-height-default elementor-section-height-default\" data-id=\"12c7bba1\" data-element_type=\"section\" data-e-type=\"section\">\n\t\t\t\t\t\t<div class=\"elementor-container elementor-column-gap-no\">\n\t\t\t\t\t<div class=\"elementor-column elementor-col-100 elementor-top-column elementor-element elementor-element-165b0f15\" data-id=\"165b0f15\" data-element_type=\"column\" data-e-type=\"column\">\n\t\t\t<div class=\"elementor-widget-wrap elementor-element-populated\">\n\t\t\t\t\t\t<div class=\"elementor-element elementor-element-aa8f109 elementor-widget elementor-widget-image\" data-id=\"aa8f109\" data-element_type=\"widget\" data-e-type=\"widget\" data-widget_type=\"image.default\">\n\t\t\t\t<div class=\"elementor-widget-container\">\n\t\t\t\t\t\t\t\t\t\t\t\t\t\t\t<img decoding=\"async\" width=\"145\" height=\"289\" src=\"https:\/\/energi-trening.no\/askoy\/wp-content\/uploads\/sites\/3\/2022\/11\/shape-pink-1.png\" class=\"attachment-full size-full wp-image-289\" alt=\"\" \/>\t\t\t\t\t\t\t\t\t\t\t\t\t\t\t<\/div>\n\t\t\t\t<\/div>\n\t\t\t\t\t<\/div>\n\t\t<\/div>\n\t\t\t\t\t<\/div>\n\t\t<\/section>\n\t\t\t\t<section data-particle_enable=\"false\" data-particle-mobile-disabled=\"false\" class=\"elementor-section elementor-top-section elementor-element elementor-element-f37d5d7 elementor-section-boxed elementor-section-height-default elementor-section-height-default\" data-id=\"f37d5d7\" data-element_type=\"section\" data-e-type=\"section\" data-settings=\"{&quot;background_background&quot;:&quot;classic&quot;}\">\n\t\t\t\t\t\t\t<div class=\"elementor-background-overlay\"><\/div>\n\t\t\t\t\t\t\t<div class=\"elementor-container elementor-column-gap-no\">\n\t\t\t\t\t<div class=\"elementor-column elementor-col-100 elementor-top-column elementor-element elementor-element-6d05d9c3\" data-id=\"6d05d9c3\" data-element_type=\"column\" data-e-type=\"column\">\n\t\t\t<div class=\"elementor-widget-wrap elementor-element-populated\">\n\t\t\t\t\t\t<div class=\"elementor-element elementor-element-45610b5f elementor-widget__width-initial elementor-widget-mobile__width-inherit elementor-widget-tablet__width-inherit elementor-widget elementor-widget-heading\" data-id=\"45610b5f\" data-element_type=\"widget\" data-e-type=\"widget\" data-widget_type=\"heading.default\">\n\t\t\t\t<div class=\"elementor-widget-container\">\n\t\t\t\t\t<h2 class=\"elementor-heading-title elementor-size-default\">Gratis pr\u00f8vetime!<\/h2>\t\t\t\t<\/div>\n\t\t\t\t<\/div>\n\t\t\t\t<div class=\"elementor-element elementor-element-4de2eac8 elementor-widget__width-initial elementor-widget-tablet__width-inherit elementor-widget elementor-widget-text-editor\" data-id=\"4de2eac8\" data-element_type=\"widget\" data-e-type=\"widget\" data-widget_type=\"text-editor.default\">\n\t\t\t\t<div class=\"elementor-widget-container\">\n\t\t\t\t\t\t\t\t\t<div class=\"elementor-element elementor-element-7411226f elementor-widget__width-initial elementor-widget-tablet__width-inherit elementor-widget elementor-widget-text-editor\" data-id=\"7411226f\" data-element_type=\"widget\" data-widget_type=\"text-editor.default\"><div class=\"elementor-widget-container\"><div data-id=\"62685c5f\" data-element_type=\"widget\" data-widget_type=\"text-editor.default\"><div><p>Har du lyst til \u00e5 teste Energi Trening Ask\u00f8y? Vi tilbyr en gratis pr\u00f8vetime slik at du kan pr\u00f8ve ut v\u00e5rt treningstilbud. Ta gjerne med en venn!<\/p><\/div><\/div><\/div><\/div><div id=\"kontakt\" class=\"elementor-element elementor-element-3c1280e4 elementor-button-align-end elementor-mobile-button-align-stretch elementor-widget__width-initial elementor-widget-tablet__width-inherit hover-white gm-form elementor-widget-mobile__width-inherit elementor-widget elementor-widget-form\" data-id=\"3c1280e4\" data-element_type=\"widget\" data-settings=\"{&quot;button_width&quot;:&quot;30&quot;,&quot;button_width_mobile&quot;:&quot;100&quot;,&quot;step_next_label&quot;:&quot;Next&quot;,&quot;step_previous_label&quot;:&quot;Previous&quot;,&quot;step_type&quot;:&quot;number_text&quot;,&quot;step_icon_shape&quot;:&quot;circle&quot;}\" data-widget_type=\"form.default\"><div class=\"elementor-widget-container\"><div class=\"elementor-form-fields-wrapper elementor-labels-\"><div class=\"elementor-field-type-text elementor-field-group elementor-column elementor-field-group-firstname elementor-col-50 elementor-field-required\">\u00a0<\/div><\/div><\/div><\/div>\t\t\t\t\t\t\t\t<\/div>\n\t\t\t\t<\/div>\n\t\t\t\t<div class=\"elementor-element elementor-element-1fe2f85e elementor-button-align-end elementor-mobile-button-align-stretch elementor-widget__width-initial elementor-widget-tablet__width-inherit hover-white gm-form elementor-widget elementor-widget-form\" data-id=\"1fe2f85e\" data-element_type=\"widget\" data-e-type=\"widget\" id=\"kontakt\" data-settings=\"{&quot;button_width&quot;:&quot;30&quot;,&quot;button_width_mobile&quot;:&quot;100&quot;,&quot;step_next_label&quot;:&quot;Next&quot;,&quot;step_previous_label&quot;:&quot;Previous&quot;,&quot;step_type&quot;:&quot;number_text&quot;,&quot;step_icon_shape&quot;:&quot;circle&quot;}\" data-widget_type=\"form.default\">\n\t\t\t\t<div class=\"elementor-widget-container\">\n\t\t\t\t\t\t\t<form class=\"elementor-form\" method=\"post\" name=\"New Form\" aria-label=\"New Form\">\n\t\t\t<input type=\"hidden\" name=\"post_id\" value=\"738\"\/>\n\t\t\t<input type=\"hidden\" name=\"form_id\" value=\"1fe2f85e\"\/>\n\t\t\t<input type=\"hidden\" name=\"referer_title\" value=\"Energi Trening | Ask\u00f8y\" \/>\n\n\t\t\t\n\t\t\t<div class=\"elementor-form-fields-wrapper elementor-labels-\">\n\t\t\t\t\t\t\t\t<div class=\"elementor-field-type-text elementor-field-group elementor-column elementor-field-group-firstname elementor-col-50 elementor-field-required\">\n\t\t\t\t\t\t\t\t\t\t\t\t<label for=\"form-field-firstname\" class=\"elementor-field-label elementor-screen-only\">\n\t\t\t\t\t\t\t\tFornavn\t\t\t\t\t\t\t<\/label>\n\t\t\t\t\t\t\t\t\t\t\t\t\t\t<input size=\"1\" type=\"text\" name=\"form_fields[firstname]\" id=\"form-field-firstname\" class=\"elementor-field elementor-size-lg  elementor-field-textual\" placeholder=\"Fornavn\" required=\"required\">\n\t\t\t\t\t\t\t\t\t\t\t<\/div>\n\t\t\t\t\t\t\t\t<div class=\"elementor-field-type-text elementor-field-group elementor-column elementor-field-group-surname elementor-col-50 elementor-field-required\">\n\t\t\t\t\t\t\t\t\t\t\t\t<label for=\"form-field-surname\" class=\"elementor-field-label elementor-screen-only\">\n\t\t\t\t\t\t\t\tEtternavn\t\t\t\t\t\t\t<\/label>\n\t\t\t\t\t\t\t\t\t\t\t\t\t\t<input size=\"1\" type=\"text\" name=\"form_fields[surname]\" id=\"form-field-surname\" class=\"elementor-field elementor-size-lg  elementor-field-textual\" placeholder=\"Etternavn\" required=\"required\">\n\t\t\t\t\t\t\t\t\t\t\t<\/div>\n\t\t\t\t\t\t\t\t<div class=\"elementor-field-type-email elementor-field-group elementor-column elementor-field-group-email elementor-col-50 elementor-field-required\">\n\t\t\t\t\t\t\t\t\t\t\t\t<label for=\"form-field-email\" class=\"elementor-field-label elementor-screen-only\">\n\t\t\t\t\t\t\t\tE-post\t\t\t\t\t\t\t<\/label>\n\t\t\t\t\t\t\t\t\t\t\t\t\t\t<input size=\"1\" type=\"email\" name=\"form_fields[email]\" id=\"form-field-email\" class=\"elementor-field elementor-size-lg  elementor-field-textual\" placeholder=\"E-post\" required=\"required\">\n\t\t\t\t\t\t\t\t\t\t\t<\/div>\n\t\t\t\t\t\t\t\t<div class=\"elementor-field-type-acceptance elementor-field-group elementor-column elementor-field-group-field_ca49d8f elementor-col-70 elementor-field-required\">\n\t\t\t\t\t\t\t\t\t\t\t\t<label for=\"form-field-field_ca49d8f\" class=\"elementor-field-label elementor-screen-only\">\n\t\t\t\t\t\t\t\t GDRP-godkjenningstekst med lenk\t\t\t\t\t\t\t<\/label>\n\t\t\t\t\t\t\t\t<div class=\"elementor-field-subgroup\">\n\t\t\t<span class=\"elementor-field-option\">\n\t\t\t\t<input type=\"checkbox\" name=\"form_fields[field_ca49d8f]\" id=\"form-field-field_ca49d8f\" class=\"elementor-field elementor-size-lg  elementor-acceptance-field\" required=\"required\">\n\t\t\t\t<label for=\"form-field-field_ca49d8f\">Jeg samtykker til <a href=\"https:\/\/energi-trening.no\/personvernerklaering\/\">personvernerkl\u00e6ringen<\/a><\/label>\t\t\t<\/span>\n\t\t<\/div>\n\t\t\t\t\t\t<\/div>\n\t\t\t\t\t\t\t\t<div class=\"elementor-field-group elementor-column elementor-field-type-submit elementor-col-30 e-form__buttons elementor-sm-100\">\n\t\t\t\t\t<button class=\"elementor-button elementor-size-sm\" type=\"submit\">\n\t\t\t\t\t\t<span class=\"elementor-button-content-wrapper\">\n\t\t\t\t\t\t\t\t\t\t\t\t\t\t\t<span class=\"elementor-button-icon\">\n\t\t\t\t\t\t\t\t\t<svg xmlns=\"http:\/\/www.w3.org\/2000\/svg\" width=\"25\" height=\"16\" viewBox=\"0 0 25 16\" fill=\"none\"><path d=\"M1.59558 7.8623L22.0276 7.8623\" stroke=\"#BEFB17\" stroke-width=\"2\" stroke-linecap=\"square\" stroke-linejoin=\"round\"><\/path><path d=\"M17.6041 13.6624L23.4043 7.86218L17.6041 2.06201\" stroke=\"#BEFB17\" stroke-width=\"2\" stroke-linecap=\"square\" stroke-linejoin=\"round\"><\/path><\/svg>\t\t\t\t\t\t\t\t\t\t\t\t\t\t\t\t\t<\/span>\n\t\t\t\t\t\t\t\t\t\t\t\t\t\t\t\t\t\t\t\t\t\t<span class=\"elementor-button-text\">Send<\/span>\n\t\t\t\t\t\t\t\t\t\t\t\t\t<\/span>\n\t\t\t\t\t<\/button>\n\t\t\t\t<\/div>\n\t\t\t<\/div>\n\t\t<\/form>\n\t\t\t\t\t\t<\/div>\n\t\t\t\t<\/div>\n\t\t\t\t\t<\/div>\n\t\t<\/div>\n\t\t\t\t\t<\/div>\n\t\t<\/section>\n\t\t\t\t<section data-particle_enable=\"false\" data-particle-mobile-disabled=\"false\" class=\"elementor-section elementor-top-section elementor-element elementor-element-76dfa8f1 elementor-section-full_width elementor-section-height-default elementor-section-height-default\" data-id=\"76dfa8f1\" data-element_type=\"section\" data-e-type=\"section\">\n\t\t\t\t\t\t<div class=\"elementor-container elementor-column-gap-no\">\n\t\t\t\t\t<div class=\"elementor-column elementor-col-100 elementor-top-column elementor-element elementor-element-50bd0d87\" data-id=\"50bd0d87\" data-element_type=\"column\" data-e-type=\"column\">\n\t\t\t<div class=\"elementor-widget-wrap elementor-element-populated\">\n\t\t\t\t\t\t<div class=\"elementor-element elementor-element-2229cca6 elementor-widget elementor-widget-image\" data-id=\"2229cca6\" data-element_type=\"widget\" data-e-type=\"widget\" data-widget_type=\"image.default\">\n\t\t\t\t<div class=\"elementor-widget-container\">\n\t\t\t\t\t\t\t\t\t\t\t\t\t\t\t<img fetchpriority=\"high\" decoding=\"async\" width=\"595\" height=\"576\" src=\"https:\/\/energi-trening.no\/askoy\/wp-content\/uploads\/sites\/3\/2022\/11\/shape-top-left-min-1.png\" class=\"attachment-full size-full wp-image-293\" alt=\"\" srcset=\"https:\/\/energi-trening.no\/askoy\/wp-content\/uploads\/sites\/3\/2022\/11\/shape-top-left-min-1.png 595w, https:\/\/energi-trening.no\/askoy\/wp-content\/uploads\/sites\/3\/2022\/11\/shape-top-left-min-1-300x290.png 300w\" sizes=\"(max-width: 595px) 100vw, 595px\" \/>\t\t\t\t\t\t\t\t\t\t\t\t\t\t\t<\/div>\n\t\t\t\t<\/div>\n\t\t\t\t\t<\/div>\n\t\t<\/div>\n\t\t\t\t\t<\/div>\n\t\t<\/section>\n\t\t\t\t<section data-particle_enable=\"false\" data-particle-mobile-disabled=\"false\" class=\"elementor-section elementor-top-section elementor-element elementor-element-93f4ad0 elementor-section-boxed elementor-section-height-default elementor-section-height-default\" data-id=\"93f4ad0\" data-element_type=\"section\" data-e-type=\"section\" data-settings=\"{&quot;background_background&quot;:&quot;classic&quot;}\">\n\t\t\t\t\t\t<div class=\"elementor-container elementor-column-gap-no\">\n\t\t\t\t\t<div class=\"elementor-column elementor-col-100 elementor-top-column elementor-element elementor-element-40d1d77f\" data-id=\"40d1d77f\" data-element_type=\"column\" data-e-type=\"column\">\n\t\t\t<div class=\"elementor-widget-wrap elementor-element-populated\">\n\t\t\t\t\t\t<div class=\"elementor-element elementor-element-7c8633b5 elementor-widget__width-initial elementor-widget-mobile__width-inherit elementor-widget elementor-widget-heading\" data-id=\"7c8633b5\" data-element_type=\"widget\" data-e-type=\"widget\" data-widget_type=\"heading.default\">\n\t\t\t\t<div class=\"elementor-widget-container\">\n\t\t\t\t\t<h2 class=\"elementor-heading-title elementor-size-default\">Energi Trening Ask\u00f8y<\/h2>\t\t\t\t<\/div>\n\t\t\t\t<\/div>\n\t\t\t\t<div class=\"elementor-element elementor-element-7ef7e725 elementor-widget__width-initial elementor-widget-tablet__width-inherit elementor-widget elementor-widget-text-editor\" data-id=\"7ef7e725\" data-element_type=\"widget\" data-e-type=\"widget\" data-widget_type=\"text-editor.default\">\n\t\t\t\t<div class=\"elementor-widget-container\">\n\t\t\t\t\t\t\t\t\t<p>Adresse: <a href=\"https:\/\/www.google.com\/maps?ll=60.427577,5.192242&amp;z=16&amp;t=m&amp;hl=en-GB&amp;gl=US&amp;mapclient=embed&amp;q=60%C2%B025%2739.3%22N+5%C2%B011%2732.1%22E+60.427577,+5.192242@60.4275771,5.192241699999999\">Juvikflaten 14A, 5308 Kleppest\u00f8<\/a><br \/>Telefon: <a href=\"tel:55626119\">55 62 61 19<\/a><br \/>E-post: <a href=\"mailto:post@energi-trening.no\">post@energi-trening.no<\/a><\/p>\t\t\t\t\t\t\t\t<\/div>\n\t\t\t\t<\/div>\n\t\t\t\t\t<\/div>\n\t\t<\/div>\n\t\t\t\t\t<\/div>\n\t\t<\/section>\n\t\t\t\t<\/div>\n\t\t","protected":false},"excerpt":{"rendered":"<p>Gratis pr\u00f8vetime! Har du lyst til \u00e5 teste Energi Trening Ask\u00f8y? Vi tilbyr en gratis pr\u00f8vetime slik at du kan pr\u00f8ve ut v\u00e5rt treningstilbud. Ta gjerne med en venn! \u00a0 Energi Trening Ask\u00f8y Adresse: Juvikflaten 14A, 5308 Kleppest\u00f8Telefon: 55 62 61 19E-post: post@energi-trening.no<\/p>\n","protected":false},"author":2,"featured_media":0,"parent":0,"menu_order":0,"comment_status":"closed","ping_status":"closed","template":"elementor_header_footer","meta":{"footnotes":""},"class_list":["post-738","page","type-page","status-publish","hentry"],"yoast_head":"<!-- This site is optimized with the Yoast SEO plugin v27.4 - https:\/\/yoast.com\/product\/yoast-seo-wordpress\/ -->\n<title>Gratis pr\u00f8vetime | Energi Trening | Ask\u00f8y<\/title>\n<meta name=\"description\" content=\"Har du lyst \u00e5 pr\u00f8ve Energi Trening Ask\u00f8y f\u00f8r du melder deg inn? F\u00e5 en gratis pr\u00f8vetime ved \u00e5 sende inn skjemaet p\u00e5 denne siden!\" \/>\n<meta name=\"robots\" content=\"index, follow, max-snippet:-1, max-image-preview:large, max-video-preview:-1\" \/>\n<link rel=\"canonical\" href=\"https:\/\/energi-trening.no\/askoy\/gratis-provetime\/\" \/>\n<meta property=\"og:locale\" content=\"nb_NO\" \/>\n<meta property=\"og:type\" content=\"article\" \/>\n<meta property=\"og:title\" content=\"Gratis pr\u00f8vetime | Energi Trening | Ask\u00f8y\" \/>\n<meta property=\"og:description\" content=\"Har du lyst \u00e5 pr\u00f8ve Energi Trening Ask\u00f8y f\u00f8r du melder deg inn? F\u00e5 en gratis pr\u00f8vetime ved \u00e5 sende inn skjemaet p\u00e5 denne siden!\" \/>\n<meta property=\"og:url\" content=\"https:\/\/energi-trening.no\/askoy\/gratis-provetime\/\" \/>\n<meta property=\"og:site_name\" content=\"Energi Trening | Ask\u00f8y\" \/>\n<meta property=\"article:modified_time\" content=\"2023-04-19T13:35:34+00:00\" \/>\n<meta property=\"og:image\" content=\"https:\/\/energi-trening.no\/askoy\/wp-content\/uploads\/sites\/3\/2022\/11\/shape-pink-1.png\" \/>\n<meta name=\"twitter:card\" content=\"summary_large_image\" \/>\n<meta name=\"twitter:label1\" content=\"Ansl. lesetid\" \/>\n\t<meta name=\"twitter:data1\" content=\"1 minutt\" \/>\n<script type=\"application\/ld+json\" class=\"yoast-schema-graph\">{\"@context\":\"https:\\\/\\\/schema.org\",\"@graph\":[{\"@type\":[\"WebPage\",\"ContactPage\"],\"@id\":\"https:\\\/\\\/energi-trening.no\\\/askoy\\\/gratis-provetime\\\/\",\"url\":\"https:\\\/\\\/energi-trening.no\\\/askoy\\\/gratis-provetime\\\/\",\"name\":\"Gratis pr\u00f8vetime | Energi Trening | Ask\u00f8y\",\"isPartOf\":{\"@id\":\"https:\\\/\\\/energi-trening.no\\\/askoy\\\/#website\"},\"primaryImageOfPage\":{\"@id\":\"https:\\\/\\\/energi-trening.no\\\/askoy\\\/gratis-provetime\\\/#primaryimage\"},\"image\":{\"@id\":\"https:\\\/\\\/energi-trening.no\\\/askoy\\\/gratis-provetime\\\/#primaryimage\"},\"thumbnailUrl\":\"https:\\\/\\\/energi-trening.no\\\/askoy\\\/wp-content\\\/uploads\\\/sites\\\/3\\\/2022\\\/11\\\/shape-pink-1.png\",\"datePublished\":\"2023-04-19T13:14:39+00:00\",\"dateModified\":\"2023-04-19T13:35:34+00:00\",\"description\":\"Har du lyst \u00e5 pr\u00f8ve Energi Trening Ask\u00f8y f\u00f8r du melder deg inn? F\u00e5 en gratis pr\u00f8vetime ved \u00e5 sende inn skjemaet p\u00e5 denne siden!\",\"breadcrumb\":{\"@id\":\"https:\\\/\\\/energi-trening.no\\\/askoy\\\/gratis-provetime\\\/#breadcrumb\"},\"inLanguage\":\"nb-NO\",\"potentialAction\":[{\"@type\":\"ReadAction\",\"target\":[\"https:\\\/\\\/energi-trening.no\\\/askoy\\\/gratis-provetime\\\/\"]}]},{\"@type\":\"ImageObject\",\"inLanguage\":\"nb-NO\",\"@id\":\"https:\\\/\\\/energi-trening.no\\\/askoy\\\/gratis-provetime\\\/#primaryimage\",\"url\":\"https:\\\/\\\/energi-trening.no\\\/askoy\\\/wp-content\\\/uploads\\\/sites\\\/3\\\/2022\\\/11\\\/shape-pink-1.png\",\"contentUrl\":\"https:\\\/\\\/energi-trening.no\\\/askoy\\\/wp-content\\\/uploads\\\/sites\\\/3\\\/2022\\\/11\\\/shape-pink-1.png\",\"width\":145,\"height\":289},{\"@type\":\"BreadcrumbList\",\"@id\":\"https:\\\/\\\/energi-trening.no\\\/askoy\\\/gratis-provetime\\\/#breadcrumb\",\"itemListElement\":[{\"@type\":\"ListItem\",\"position\":1,\"name\":\"Hjem\",\"item\":\"https:\\\/\\\/energi-trening.no\\\/askoy\\\/\"},{\"@type\":\"ListItem\",\"position\":2,\"name\":\"Gratis pr\u00f8vetime\"}]},{\"@type\":\"WebSite\",\"@id\":\"https:\\\/\\\/energi-trening.no\\\/askoy\\\/#website\",\"url\":\"https:\\\/\\\/energi-trening.no\\\/askoy\\\/\",\"name\":\"Energi Trening | Ask\u00f8y\",\"description\":\"\",\"publisher\":{\"@id\":\"https:\\\/\\\/energi-trening.no\\\/askoy\\\/#organization\"},\"potentialAction\":[{\"@type\":\"SearchAction\",\"target\":{\"@type\":\"EntryPoint\",\"urlTemplate\":\"https:\\\/\\\/energi-trening.no\\\/askoy\\\/?s={search_term_string}\"},\"query-input\":{\"@type\":\"PropertyValueSpecification\",\"valueRequired\":true,\"valueName\":\"search_term_string\"}}],\"inLanguage\":\"nb-NO\"},{\"@type\":\"Organization\",\"@id\":\"https:\\\/\\\/energi-trening.no\\\/askoy\\\/#organization\",\"name\":\"Energi Trening | Ask\u00f8y\",\"url\":\"https:\\\/\\\/energi-trening.no\\\/askoy\\\/\",\"logo\":{\"@type\":\"ImageObject\",\"inLanguage\":\"nb-NO\",\"@id\":\"https:\\\/\\\/energi-trening.no\\\/askoy\\\/#\\\/schema\\\/logo\\\/image\\\/\",\"url\":\"https:\\\/\\\/energi-trening.no\\\/askoy\\\/wp-content\\\/uploads\\\/sites\\\/3\\\/2022\\\/11\\\/logo.svg\",\"contentUrl\":\"https:\\\/\\\/energi-trening.no\\\/askoy\\\/wp-content\\\/uploads\\\/sites\\\/3\\\/2022\\\/11\\\/logo.svg\",\"width\":190,\"height\":58,\"caption\":\"Energi Trening | Ask\u00f8y\"},\"image\":{\"@id\":\"https:\\\/\\\/energi-trening.no\\\/askoy\\\/#\\\/schema\\\/logo\\\/image\\\/\"}}]}<\/script>\n<!-- \/ Yoast SEO plugin. -->","yoast_head_json":{"title":"Gratis pr\u00f8vetime | Energi Trening | Ask\u00f8y","description":"Har du lyst \u00e5 pr\u00f8ve Energi Trening Ask\u00f8y f\u00f8r du melder deg inn? F\u00e5 en gratis pr\u00f8vetime ved \u00e5 sende inn skjemaet p\u00e5 denne siden!","robots":{"index":"index","follow":"follow","max-snippet":"max-snippet:-1","max-image-preview":"max-image-preview:large","max-video-preview":"max-video-preview:-1"},"canonical":"https:\/\/energi-trening.no\/askoy\/gratis-provetime\/","og_locale":"nb_NO","og_type":"article","og_title":"Gratis pr\u00f8vetime | Energi Trening | Ask\u00f8y","og_description":"Har du lyst \u00e5 pr\u00f8ve Energi Trening Ask\u00f8y f\u00f8r du melder deg inn? F\u00e5 en gratis pr\u00f8vetime ved \u00e5 sende inn skjemaet p\u00e5 denne siden!","og_url":"https:\/\/energi-trening.no\/askoy\/gratis-provetime\/","og_site_name":"Energi Trening | Ask\u00f8y","article_modified_time":"2023-04-19T13:35:34+00:00","og_image":[{"url":"https:\/\/energi-trening.no\/askoy\/wp-content\/uploads\/sites\/3\/2022\/11\/shape-pink-1.png","type":"","width":"","height":""}],"twitter_card":"summary_large_image","twitter_misc":{"Ansl. lesetid":"1 minutt"},"schema":{"@context":"https:\/\/schema.org","@graph":[{"@type":["WebPage","ContactPage"],"@id":"https:\/\/energi-trening.no\/askoy\/gratis-provetime\/","url":"https:\/\/energi-trening.no\/askoy\/gratis-provetime\/","name":"Gratis pr\u00f8vetime | Energi Trening | Ask\u00f8y","isPartOf":{"@id":"https:\/\/energi-trening.no\/askoy\/#website"},"primaryImageOfPage":{"@id":"https:\/\/energi-trening.no\/askoy\/gratis-provetime\/#primaryimage"},"image":{"@id":"https:\/\/energi-trening.no\/askoy\/gratis-provetime\/#primaryimage"},"thumbnailUrl":"https:\/\/energi-trening.no\/askoy\/wp-content\/uploads\/sites\/3\/2022\/11\/shape-pink-1.png","datePublished":"2023-04-19T13:14:39+00:00","dateModified":"2023-04-19T13:35:34+00:00","description":"Har du lyst \u00e5 pr\u00f8ve Energi Trening Ask\u00f8y f\u00f8r du melder deg inn? F\u00e5 en gratis pr\u00f8vetime ved \u00e5 sende inn skjemaet p\u00e5 denne siden!","breadcrumb":{"@id":"https:\/\/energi-trening.no\/askoy\/gratis-provetime\/#breadcrumb"},"inLanguage":"nb-NO","potentialAction":[{"@type":"ReadAction","target":["https:\/\/energi-trening.no\/askoy\/gratis-provetime\/"]}]},{"@type":"ImageObject","inLanguage":"nb-NO","@id":"https:\/\/energi-trening.no\/askoy\/gratis-provetime\/#primaryimage","url":"https:\/\/energi-trening.no\/askoy\/wp-content\/uploads\/sites\/3\/2022\/11\/shape-pink-1.png","contentUrl":"https:\/\/energi-trening.no\/askoy\/wp-content\/uploads\/sites\/3\/2022\/11\/shape-pink-1.png","width":145,"height":289},{"@type":"BreadcrumbList","@id":"https:\/\/energi-trening.no\/askoy\/gratis-provetime\/#breadcrumb","itemListElement":[{"@type":"ListItem","position":1,"name":"Hjem","item":"https:\/\/energi-trening.no\/askoy\/"},{"@type":"ListItem","position":2,"name":"Gratis pr\u00f8vetime"}]},{"@type":"WebSite","@id":"https:\/\/energi-trening.no\/askoy\/#website","url":"https:\/\/energi-trening.no\/askoy\/","name":"Energi Trening | Ask\u00f8y","description":"","publisher":{"@id":"https:\/\/energi-trening.no\/askoy\/#organization"},"potentialAction":[{"@type":"SearchAction","target":{"@type":"EntryPoint","urlTemplate":"https:\/\/energi-trening.no\/askoy\/?s={search_term_string}"},"query-input":{"@type":"PropertyValueSpecification","valueRequired":true,"valueName":"search_term_string"}}],"inLanguage":"nb-NO"},{"@type":"Organization","@id":"https:\/\/energi-trening.no\/askoy\/#organization","name":"Energi Trening | Ask\u00f8y","url":"https:\/\/energi-trening.no\/askoy\/","logo":{"@type":"ImageObject","inLanguage":"nb-NO","@id":"https:\/\/energi-trening.no\/askoy\/#\/schema\/logo\/image\/","url":"https:\/\/energi-trening.no\/askoy\/wp-content\/uploads\/sites\/3\/2022\/11\/logo.svg","contentUrl":"https:\/\/energi-trening.no\/askoy\/wp-content\/uploads\/sites\/3\/2022\/11\/logo.svg","width":190,"height":58,"caption":"Energi Trening | Ask\u00f8y"},"image":{"@id":"https:\/\/energi-trening.no\/askoy\/#\/schema\/logo\/image\/"}}]}},"_links":{"self":[{"href":"https:\/\/energi-trening.no\/askoy\/wp-json\/wp\/v2\/pages\/738","targetHints":{"allow":["GET"]}}],"collection":[{"href":"https:\/\/energi-trening.no\/askoy\/wp-json\/wp\/v2\/pages"}],"about":[{"href":"https:\/\/energi-trening.no\/askoy\/wp-json\/wp\/v2\/types\/page"}],"author":[{"embeddable":true,"href":"https:\/\/energi-trening.no\/askoy\/wp-json\/wp\/v2\/users\/2"}],"replies":[{"embeddable":true,"href":"https:\/\/energi-trening.no\/askoy\/wp-json\/wp\/v2\/comments?post=738"}],"version-history":[{"count":4,"href":"https:\/\/energi-trening.no\/askoy\/wp-json\/wp\/v2\/pages\/738\/revisions"}],"predecessor-version":[{"id":743,"href":"https:\/\/energi-trening.no\/askoy\/wp-json\/wp\/v2\/pages\/738\/revisions\/743"}],"wp:attachment":[{"href":"https:\/\/energi-trening.no\/askoy\/wp-json\/wp\/v2\/media?parent=738"}],"curies":[{"name":"wp","href":"https:\/\/api.w.org\/{rel}","templated":true}]}}