{"id":715,"date":"2023-02-06T09:32:48","date_gmt":"2023-02-06T09:32:48","guid":{"rendered":"https:\/\/energi-trening.no\/askoy\/?page_id=715"},"modified":"2023-02-06T09:33:00","modified_gmt":"2023-02-06T09:33:00","slug":"takk-for-din-henvendelse","status":"publish","type":"page","link":"https:\/\/energi-trening.no\/askoy\/takk-for-din-henvendelse\/","title":{"rendered":"Takk for din henvendelse!"},"content":{"rendered":"\t\t<div data-elementor-type=\"wp-page\" data-elementor-id=\"715\" class=\"elementor elementor-715\" data-elementor-post-type=\"page\">\n\t\t\t\t\t\t<section data-particle_enable=\"false\" data-particle-mobile-disabled=\"false\" class=\"elementor-section elementor-top-section elementor-element elementor-element-7037f2c elementor-section-boxed elementor-section-height-default elementor-section-height-default\" data-id=\"7037f2c\" data-element_type=\"section\" data-e-type=\"section\">\n\t\t\t\t\t\t<div class=\"elementor-container elementor-column-gap-default\">\n\t\t\t\t\t<div class=\"elementor-column elementor-col-100 elementor-top-column elementor-element elementor-element-f171b65\" data-id=\"f171b65\" data-element_type=\"column\" data-e-type=\"column\">\n\t\t\t<div class=\"elementor-widget-wrap elementor-element-populated\">\n\t\t\t\t\t\t<div class=\"elementor-element elementor-element-4974bd9 elementor-widget elementor-widget-heading\" data-id=\"4974bd9\" data-element_type=\"widget\" data-e-type=\"widget\" data-widget_type=\"heading.default\">\n\t\t\t\t<div class=\"elementor-widget-container\">\n\t\t\t\t\t<h2 class=\"elementor-heading-title elementor-size-default\">Takk for din henvendelse!<\/h2>\t\t\t\t<\/div>\n\t\t\t\t<\/div>\n\t\t\t\t<div class=\"elementor-element elementor-element-e8490aa elementor-widget elementor-widget-text-editor\" data-id=\"e8490aa\" data-element_type=\"widget\" data-e-type=\"widget\" data-widget_type=\"text-editor.default\">\n\t\t\t\t<div class=\"elementor-widget-container\">\n\t\t\t\t\t\t\t\t\t<p>En av v\u00e5re medarbeidere p\u00e5 Energi Trening Ask\u00f8y vil snart ta kontakt med deg.<\/p>\t\t\t\t\t\t\t\t<\/div>\n\t\t\t\t<\/div>\n\t\t\t\t\t<\/div>\n\t\t<\/div>\n\t\t\t\t\t<\/div>\n\t\t<\/section>\n\t\t\t\t<\/div>\n\t\t","protected":false},"excerpt":{"rendered":"<p>Takk for din henvendelse! En av v\u00e5re medarbeidere p\u00e5 Energi Trening Ask\u00f8y vil snart ta kontakt med deg.<\/p>\n","protected":false},"author":2,"featured_media":0,"parent":0,"menu_order":0,"comment_status":"closed","ping_status":"closed","template":"elementor_header_footer","meta":{"footnotes":""},"class_list":["post-715","page","type-page","status-publish","hentry"],"yoast_head":"<!-- This site is optimized with the Yoast SEO plugin v27.4 - https:\/\/yoast.com\/product\/yoast-seo-wordpress\/ -->\n<title>Takk for din henvendelse! | Energi Trening | Ask\u00f8y<\/title>\n<meta name=\"robots\" content=\"index, follow, max-snippet:-1, max-image-preview:large, max-video-preview:-1\" \/>\n<link rel=\"canonical\" href=\"https:\/\/energi-trening.no\/askoy\/takk-for-din-henvendelse\/\" \/>\n<meta property=\"og:locale\" content=\"nb_NO\" \/>\n<meta property=\"og:type\" content=\"article\" \/>\n<meta property=\"og:title\" content=\"Takk for din henvendelse! | Energi Trening | Ask\u00f8y\" \/>\n<meta property=\"og:description\" content=\"Takk for din henvendelse! En av v\u00e5re medarbeidere p\u00e5 Energi Trening Ask\u00f8y vil snart ta kontakt med deg.\" \/>\n<meta property=\"og:url\" content=\"https:\/\/energi-trening.no\/askoy\/takk-for-din-henvendelse\/\" \/>\n<meta property=\"og:site_name\" content=\"Energi Trening | Ask\u00f8y\" \/>\n<meta property=\"article:modified_time\" content=\"2023-02-06T09:33:00+00:00\" \/>\n<meta name=\"twitter:card\" content=\"summary_large_image\" \/>\n<meta name=\"twitter:label1\" content=\"Ansl. lesetid\" \/>\n\t<meta name=\"twitter:data1\" content=\"1 minutt\" \/>\n<script type=\"application\/ld+json\" class=\"yoast-schema-graph\">{\"@context\":\"https:\\\/\\\/schema.org\",\"@graph\":[{\"@type\":\"WebPage\",\"@id\":\"https:\\\/\\\/energi-trening.no\\\/askoy\\\/takk-for-din-henvendelse\\\/\",\"url\":\"https:\\\/\\\/energi-trening.no\\\/askoy\\\/takk-for-din-henvendelse\\\/\",\"name\":\"Takk for din henvendelse! | Energi Trening | Ask\u00f8y\",\"isPartOf\":{\"@id\":\"https:\\\/\\\/energi-trening.no\\\/askoy\\\/#website\"},\"datePublished\":\"2023-02-06T09:32:48+00:00\",\"dateModified\":\"2023-02-06T09:33:00+00:00\",\"breadcrumb\":{\"@id\":\"https:\\\/\\\/energi-trening.no\\\/askoy\\\/takk-for-din-henvendelse\\\/#breadcrumb\"},\"inLanguage\":\"nb-NO\",\"potentialAction\":[{\"@type\":\"ReadAction\",\"target\":[\"https:\\\/\\\/energi-trening.no\\\/askoy\\\/takk-for-din-henvendelse\\\/\"]}]},{\"@type\":\"BreadcrumbList\",\"@id\":\"https:\\\/\\\/energi-trening.no\\\/askoy\\\/takk-for-din-henvendelse\\\/#breadcrumb\",\"itemListElement\":[{\"@type\":\"ListItem\",\"position\":1,\"name\":\"Hjem\",\"item\":\"https:\\\/\\\/energi-trening.no\\\/askoy\\\/\"},{\"@type\":\"ListItem\",\"position\":2,\"name\":\"Takk for din henvendelse!\"}]},{\"@type\":\"WebSite\",\"@id\":\"https:\\\/\\\/energi-trening.no\\\/askoy\\\/#website\",\"url\":\"https:\\\/\\\/energi-trening.no\\\/askoy\\\/\",\"name\":\"Energi Trening | Ask\u00f8y\",\"description\":\"\",\"publisher\":{\"@id\":\"https:\\\/\\\/energi-trening.no\\\/askoy\\\/#organization\"},\"potentialAction\":[{\"@type\":\"SearchAction\",\"target\":{\"@type\":\"EntryPoint\",\"urlTemplate\":\"https:\\\/\\\/energi-trening.no\\\/askoy\\\/?s={search_term_string}\"},\"query-input\":{\"@type\":\"PropertyValueSpecification\",\"valueRequired\":true,\"valueName\":\"search_term_string\"}}],\"inLanguage\":\"nb-NO\"},{\"@type\":\"Organization\",\"@id\":\"https:\\\/\\\/energi-trening.no\\\/askoy\\\/#organization\",\"name\":\"Energi Trening | Ask\u00f8y\",\"url\":\"https:\\\/\\\/energi-trening.no\\\/askoy\\\/\",\"logo\":{\"@type\":\"ImageObject\",\"inLanguage\":\"nb-NO\",\"@id\":\"https:\\\/\\\/energi-trening.no\\\/askoy\\\/#\\\/schema\\\/logo\\\/image\\\/\",\"url\":\"https:\\\/\\\/energi-trening.no\\\/askoy\\\/wp-content\\\/uploads\\\/sites\\\/3\\\/2022\\\/11\\\/logo.svg\",\"contentUrl\":\"https:\\\/\\\/energi-trening.no\\\/askoy\\\/wp-content\\\/uploads\\\/sites\\\/3\\\/2022\\\/11\\\/logo.svg\",\"width\":190,\"height\":58,\"caption\":\"Energi Trening | Ask\u00f8y\"},\"image\":{\"@id\":\"https:\\\/\\\/energi-trening.no\\\/askoy\\\/#\\\/schema\\\/logo\\\/image\\\/\"}}]}<\/script>\n<!-- \/ Yoast SEO plugin. -->","yoast_head_json":{"title":"Takk for din henvendelse! | Energi Trening | Ask\u00f8y","robots":{"index":"index","follow":"follow","max-snippet":"max-snippet:-1","max-image-preview":"max-image-preview:large","max-video-preview":"max-video-preview:-1"},"canonical":"https:\/\/energi-trening.no\/askoy\/takk-for-din-henvendelse\/","og_locale":"nb_NO","og_type":"article","og_title":"Takk for din henvendelse! | Energi Trening | Ask\u00f8y","og_description":"Takk for din henvendelse! En av v\u00e5re medarbeidere p\u00e5 Energi Trening Ask\u00f8y vil snart ta kontakt med deg.","og_url":"https:\/\/energi-trening.no\/askoy\/takk-for-din-henvendelse\/","og_site_name":"Energi Trening | Ask\u00f8y","article_modified_time":"2023-02-06T09:33:00+00:00","twitter_card":"summary_large_image","twitter_misc":{"Ansl. lesetid":"1 minutt"},"schema":{"@context":"https:\/\/schema.org","@graph":[{"@type":"WebPage","@id":"https:\/\/energi-trening.no\/askoy\/takk-for-din-henvendelse\/","url":"https:\/\/energi-trening.no\/askoy\/takk-for-din-henvendelse\/","name":"Takk for din henvendelse! | Energi Trening | Ask\u00f8y","isPartOf":{"@id":"https:\/\/energi-trening.no\/askoy\/#website"},"datePublished":"2023-02-06T09:32:48+00:00","dateModified":"2023-02-06T09:33:00+00:00","breadcrumb":{"@id":"https:\/\/energi-trening.no\/askoy\/takk-for-din-henvendelse\/#breadcrumb"},"inLanguage":"nb-NO","potentialAction":[{"@type":"ReadAction","target":["https:\/\/energi-trening.no\/askoy\/takk-for-din-henvendelse\/"]}]},{"@type":"BreadcrumbList","@id":"https:\/\/energi-trening.no\/askoy\/takk-for-din-henvendelse\/#breadcrumb","itemListElement":[{"@type":"ListItem","position":1,"name":"Hjem","item":"https:\/\/energi-trening.no\/askoy\/"},{"@type":"ListItem","position":2,"name":"Takk for din henvendelse!"}]},{"@type":"WebSite","@id":"https:\/\/energi-trening.no\/askoy\/#website","url":"https:\/\/energi-trening.no\/askoy\/","name":"Energi Trening | Ask\u00f8y","description":"","publisher":{"@id":"https:\/\/energi-trening.no\/askoy\/#organization"},"potentialAction":[{"@type":"SearchAction","target":{"@type":"EntryPoint","urlTemplate":"https:\/\/energi-trening.no\/askoy\/?s={search_term_string}"},"query-input":{"@type":"PropertyValueSpecification","valueRequired":true,"valueName":"search_term_string"}}],"inLanguage":"nb-NO"},{"@type":"Organization","@id":"https:\/\/energi-trening.no\/askoy\/#organization","name":"Energi Trening | Ask\u00f8y","url":"https:\/\/energi-trening.no\/askoy\/","logo":{"@type":"ImageObject","inLanguage":"nb-NO","@id":"https:\/\/energi-trening.no\/askoy\/#\/schema\/logo\/image\/","url":"https:\/\/energi-trening.no\/askoy\/wp-content\/uploads\/sites\/3\/2022\/11\/logo.svg","contentUrl":"https:\/\/energi-trening.no\/askoy\/wp-content\/uploads\/sites\/3\/2022\/11\/logo.svg","width":190,"height":58,"caption":"Energi Trening | Ask\u00f8y"},"image":{"@id":"https:\/\/energi-trening.no\/askoy\/#\/schema\/logo\/image\/"}}]}},"_links":{"self":[{"href":"https:\/\/energi-trening.no\/askoy\/wp-json\/wp\/v2\/pages\/715","targetHints":{"allow":["GET"]}}],"collection":[{"href":"https:\/\/energi-trening.no\/askoy\/wp-json\/wp\/v2\/pages"}],"about":[{"href":"https:\/\/energi-trening.no\/askoy\/wp-json\/wp\/v2\/types\/page"}],"author":[{"embeddable":true,"href":"https:\/\/energi-trening.no\/askoy\/wp-json\/wp\/v2\/users\/2"}],"replies":[{"embeddable":true,"href":"https:\/\/energi-trening.no\/askoy\/wp-json\/wp\/v2\/comments?post=715"}],"version-history":[{"count":4,"href":"https:\/\/energi-trening.no\/askoy\/wp-json\/wp\/v2\/pages\/715\/revisions"}],"predecessor-version":[{"id":719,"href":"https:\/\/energi-trening.no\/askoy\/wp-json\/wp\/v2\/pages\/715\/revisions\/719"}],"wp:attachment":[{"href":"https:\/\/energi-trening.no\/askoy\/wp-json\/wp\/v2\/media?parent=715"}],"curies":[{"name":"wp","href":"https:\/\/api.w.org\/{rel}","templated":true}]}}