{"id":246,"date":"2022-11-26T05:50:55","date_gmt":"2022-11-26T05:50:55","guid":{"rendered":"https:\/\/energi-trening.no\/askoy\/om-oss-2\/"},"modified":"2023-01-16T21:49:52","modified_gmt":"2023-01-16T21:49:52","slug":"om-oss","status":"publish","type":"page","link":"https:\/\/energi-trening.no\/askoy\/om-oss\/","title":{"rendered":"Om oss"},"content":{"rendered":"\t\t<div data-elementor-type=\"wp-page\" data-elementor-id=\"246\" class=\"elementor elementor-246\" data-elementor-post-type=\"page\">\n\t\t\t\t\t\t<section data-particle_enable=\"false\" data-particle-mobile-disabled=\"false\" class=\"elementor-section elementor-top-section elementor-element elementor-element-11a8c792 elementor-section-boxed elementor-section-height-default elementor-section-height-default\" data-id=\"11a8c792\" data-element_type=\"section\" data-e-type=\"section\" data-settings=\"{&quot;background_background&quot;:&quot;classic&quot;}\">\n\t\t\t\t\t\t\t<div class=\"elementor-background-overlay\"><\/div>\n\t\t\t\t\t\t\t<div class=\"elementor-container elementor-column-gap-no\">\n\t\t\t\t\t<div class=\"elementor-column elementor-col-50 elementor-top-column elementor-element elementor-element-5d407083\" data-id=\"5d407083\" data-element_type=\"column\" data-e-type=\"column\">\n\t\t\t<div class=\"elementor-widget-wrap elementor-element-populated\">\n\t\t\t\t\t\t<div class=\"elementor-element elementor-element-4e0573c elementor-widget elementor-widget-breadcrumbs\" data-id=\"4e0573c\" data-element_type=\"widget\" data-e-type=\"widget\" data-widget_type=\"breadcrumbs.default\">\n\t\t\t\t<div class=\"elementor-widget-container\">\n\t\t\t\t\t<p id=\"breadcrumbs\"><span><span><a href=\"https:\/\/energi-trening.no\/askoy\/\">Hjem<\/a><\/span><\/span><\/p>\t\t\t\t<\/div>\n\t\t\t\t<\/div>\n\t\t\t\t<div class=\"elementor-element elementor-element-5cb084ef elementor-widget elementor-widget-heading\" data-id=\"5cb084ef\" data-element_type=\"widget\" data-e-type=\"widget\" data-widget_type=\"heading.default\">\n\t\t\t\t<div class=\"elementor-widget-container\">\n\t\t\t\t\t<h1 class=\"elementor-heading-title elementor-size-default\">Om oss<\/h1>\t\t\t\t<\/div>\n\t\t\t\t<\/div>\n\t\t\t\t<div class=\"elementor-element elementor-element-1d195184 elementor-widget__width-initial elementor-widget-tablet__width-inherit elementor-widget elementor-widget-text-editor\" data-id=\"1d195184\" data-element_type=\"widget\" data-e-type=\"widget\" data-widget_type=\"text-editor.default\">\n\t\t\t\t<div class=\"elementor-widget-container\">\n\t\t\t\t\t\t\t\t\t<p>Energi Trening Ask\u00f8y holder til p\u00e5 Juvikflaten, like bak Rema 1000. Vi har godt med parkering og du er hjertelig velkommen til oss p\u00e5 bes\u00f8k.<\/p>\t\t\t\t\t\t\t\t<\/div>\n\t\t\t\t<\/div>\n\t\t\t\t\t<\/div>\n\t\t<\/div>\n\t\t\t\t<div class=\"elementor-column elementor-col-50 elementor-top-column elementor-element elementor-element-56ef9f4c\" data-id=\"56ef9f4c\" data-element_type=\"column\" data-e-type=\"column\">\n\t\t\t<div class=\"elementor-widget-wrap elementor-element-populated\">\n\t\t\t\t\t\t<div class=\"elementor-element elementor-element-63064946 elementor-hidden-desktop elementor-widget elementor-widget-image\" data-id=\"63064946\" data-element_type=\"widget\" data-e-type=\"widget\" data-widget_type=\"image.default\">\n\t\t\t\t<div class=\"elementor-widget-container\">\n\t\t\t\t\t\t\t\t\t\t\t\t\t\t\t<img fetchpriority=\"high\" decoding=\"async\" width=\"1024\" height=\"682\" src=\"https:\/\/energi-trening.no\/askoy\/wp-content\/uploads\/sites\/3\/2023\/01\/treningssenteret_energi_trening_askoy-1024x682-1.jpg\" class=\"attachment-full size-full wp-image-564\" alt=\"\" srcset=\"https:\/\/energi-trening.no\/askoy\/wp-content\/uploads\/sites\/3\/2023\/01\/treningssenteret_energi_trening_askoy-1024x682-1.jpg 1024w, https:\/\/energi-trening.no\/askoy\/wp-content\/uploads\/sites\/3\/2023\/01\/treningssenteret_energi_trening_askoy-1024x682-1-300x200.jpg 300w, https:\/\/energi-trening.no\/askoy\/wp-content\/uploads\/sites\/3\/2023\/01\/treningssenteret_energi_trening_askoy-1024x682-1-768x512.jpg 768w\" sizes=\"(max-width: 1024px) 100vw, 1024px\" \/>\t\t\t\t\t\t\t\t\t\t\t\t\t\t\t<\/div>\n\t\t\t\t<\/div>\n\t\t\t\t\t<\/div>\n\t\t<\/div>\n\t\t\t\t\t<\/div>\n\t\t<\/section>\n\t\t\t\t<section data-particle_enable=\"false\" data-particle-mobile-disabled=\"false\" class=\"elementor-section elementor-top-section elementor-element elementor-element-7dac7296 elementor-section-full_width elementor-hidden-tablet elementor-hidden-mobile elementor-section-height-default elementor-section-height-default\" data-id=\"7dac7296\" data-element_type=\"section\" data-e-type=\"section\" data-settings=\"{&quot;background_background&quot;:&quot;classic&quot;}\">\n\t\t\t\t\t\t<div class=\"elementor-container elementor-column-gap-no\">\n\t\t\t\t\t<div class=\"elementor-column elementor-col-100 elementor-top-column elementor-element elementor-element-20907e60\" data-id=\"20907e60\" data-element_type=\"column\" data-e-type=\"column\">\n\t\t\t<div class=\"elementor-widget-wrap elementor-element-populated\">\n\t\t\t\t\t\t<div class=\"elementor-element elementor-element-6edeea0e elementor-widget__width-auto elementor-absolute elementor-widget elementor-widget-image\" data-id=\"6edeea0e\" data-element_type=\"widget\" data-e-type=\"widget\" data-settings=\"{&quot;_position&quot;:&quot;absolute&quot;}\" data-widget_type=\"image.default\">\n\t\t\t\t<div class=\"elementor-widget-container\">\n\t\t\t\t\t\t\t\t\t\t\t\t\t\t\t<img decoding=\"async\" width=\"392\" height=\"577\" src=\"https:\/\/energi-trening.no\/askoy\/wp-content\/uploads\/sites\/3\/2022\/11\/about-shape-min-1.png\" class=\"attachment-full size-full wp-image-249\" alt=\"\" srcset=\"https:\/\/energi-trening.no\/askoy\/wp-content\/uploads\/sites\/3\/2022\/11\/about-shape-min-1.png 392w, https:\/\/energi-trening.no\/askoy\/wp-content\/uploads\/sites\/3\/2022\/11\/about-shape-min-1-204x300.png 204w\" sizes=\"(max-width: 392px) 100vw, 392px\" \/>\t\t\t\t\t\t\t\t\t\t\t\t\t\t\t<\/div>\n\t\t\t\t<\/div>\n\t\t\t\t\t<\/div>\n\t\t<\/div>\n\t\t\t\t\t<\/div>\n\t\t<\/section>\n\t\t\t\t<section data-particle_enable=\"false\" data-particle-mobile-disabled=\"false\" class=\"elementor-section elementor-top-section elementor-element elementor-element-561e6b88 elementor-section-boxed elementor-section-height-default elementor-section-height-default\" data-id=\"561e6b88\" data-element_type=\"section\" data-e-type=\"section\" data-settings=\"{&quot;background_background&quot;:&quot;gradient&quot;}\">\n\t\t\t\t\t\t<div class=\"elementor-container elementor-column-gap-no\">\n\t\t\t\t\t<div class=\"elementor-column elementor-col-100 elementor-top-column elementor-element elementor-element-105e69ef\" data-id=\"105e69ef\" data-element_type=\"column\" data-e-type=\"column\">\n\t\t\t<div class=\"elementor-widget-wrap elementor-element-populated\">\n\t\t\t\t\t\t<div class=\"elementor-element elementor-element-53c0a630 elementor-widget elementor-widget-text-editor\" data-id=\"53c0a630\" data-element_type=\"widget\" data-e-type=\"widget\" data-widget_type=\"text-editor.default\">\n\t\t\t\t<div class=\"elementor-widget-container\">\n\t\t\t\t\t\t\t\t\tBla nedover\t\t\t\t\t\t\t\t<\/div>\n\t\t\t\t<\/div>\n\t\t\t\t<div class=\"elementor-element elementor-element-17288217 animating-down-arrow elementor-view-default elementor-widget elementor-widget-icon\" data-id=\"17288217\" data-element_type=\"widget\" data-e-type=\"widget\" data-widget_type=\"icon.default\">\n\t\t\t\t<div class=\"elementor-widget-container\">\n\t\t\t\t\t\t\t<div class=\"elementor-icon-wrapper\">\n\t\t\t<a class=\"elementor-icon\" href=\"#anchor\">\n\t\t\t<svg xmlns=\"http:\/\/www.w3.org\/2000\/svg\" width=\"26\" height=\"31\" viewBox=\"0 0 26 31\" fill=\"none\"><path opacity=\"0.75\" d=\"M3 18.5325L13 28.5325L23 18.5325\" stroke=\"black\" stroke-width=\"3\" stroke-linecap=\"square\" stroke-linejoin=\"round\"><\/path><path opacity=\"0.5\" d=\"M3 10.5325L13 20.5325L23 10.5325\" stroke=\"black\" stroke-width=\"3\" stroke-linecap=\"square\" stroke-linejoin=\"round\"><\/path><path opacity=\"0.25\" d=\"M3 2.57581L13 12.5758L23 2.57581\" stroke=\"black\" stroke-width=\"3\" stroke-linecap=\"square\" stroke-linejoin=\"round\"><\/path><\/svg>\t\t\t<\/a>\n\t\t<\/div>\n\t\t\t\t\t\t<\/div>\n\t\t\t\t<\/div>\n\t\t\t\t<div class=\"elementor-element elementor-element-379e45c3 elementor-widget__width-initial elementor-widget-tablet__width-inherit elementor-widget elementor-widget-heading\" data-id=\"379e45c3\" data-element_type=\"widget\" data-e-type=\"widget\" id=\"anchor\" data-widget_type=\"heading.default\">\n\t\t\t\t<div class=\"elementor-widget-container\">\n\t\t\t\t\t<h2 class=\"elementor-heading-title elementor-size-default\">F\u00f8rste senteret i kjeden<\/h2>\t\t\t\t<\/div>\n\t\t\t\t<\/div>\n\t\t\t\t<div class=\"elementor-element elementor-element-663d975 elementor-widget elementor-widget-text-editor\" data-id=\"663d975\" data-element_type=\"widget\" data-e-type=\"widget\" data-widget_type=\"text-editor.default\">\n\t\t\t\t<div class=\"elementor-widget-container\">\n\t\t\t\t\t\t\t\t\t<p>Vi \u00e5pnet v\u00e5rt f\u00f8rste senter p\u00e5 Ask\u00f8y oktober 2010, og har f\u00e5tt en fantastisk mottakelse her. P\u00e5 Ask\u00f8y tilbyr vi alt fra egentrening p\u00e5 i lokaler godt utrustet med moderne treningsutstyr, s\u00e5 vel som gruppetrening og PT.\u00a0 Vi har ogs\u00e5 <a href=\"http:\/\/www.bootcampaskoy.no\/\">Bootcamp<\/a> p\u00e5 Ask\u00f8y. Velkommen til oss!<\/p>\t\t\t\t\t\t\t\t<\/div>\n\t\t\t\t<\/div>\n\t\t\t\t\t<\/div>\n\t\t<\/div>\n\t\t\t\t\t<\/div>\n\t\t<\/section>\n\t\t\t\t<section data-particle_enable=\"false\" data-particle-mobile-disabled=\"false\" class=\"elementor-section elementor-top-section elementor-element elementor-element-3822dc3b elementor-reverse-tablet elementor-reverse-mobile elementor-section-boxed elementor-section-height-default elementor-section-height-default\" data-id=\"3822dc3b\" data-element_type=\"section\" data-e-type=\"section\" data-settings=\"{&quot;background_background&quot;:&quot;classic&quot;}\">\n\t\t\t\t\t\t<div class=\"elementor-container elementor-column-gap-no\">\n\t\t\t\t\t<div class=\"elementor-column elementor-col-50 elementor-top-column elementor-element elementor-element-ddde8db\" data-id=\"ddde8db\" data-element_type=\"column\" data-e-type=\"column\">\n\t\t\t<div class=\"elementor-widget-wrap elementor-element-populated\">\n\t\t\t\t\t\t<div class=\"elementor-element elementor-element-8b68666 elementor-widget__width-initial elementor-widget-tablet__width-inherit elementor-widget elementor-widget-heading\" data-id=\"8b68666\" data-element_type=\"widget\" data-e-type=\"widget\" data-widget_type=\"heading.default\">\n\t\t\t\t<div class=\"elementor-widget-container\">\n\t\t\t\t\t<h2 class=\"elementor-heading-title elementor-size-default\">Vi har det du trenger for \u00e5 komme deg i form\n<\/h2>\t\t\t\t<\/div>\n\t\t\t\t<\/div>\n\t\t\t\t<div class=\"elementor-element elementor-element-63aacd11 elementor-widget__width-initial elementor-widget-tablet__width-inherit elementor-widget elementor-widget-text-editor\" data-id=\"63aacd11\" data-element_type=\"widget\" data-e-type=\"widget\" data-widget_type=\"text-editor.default\">\n\t\t\t\t<div class=\"elementor-widget-container\">\n\t\t\t\t\t\t\t\t\t<p>For \u00e5 holde prisene lave holder vi fokus p\u00e5 plasseffektive lokaler. Vi tilbyr derfor ikke ting som barnepass, spa, badstue eller store resepsjonsarealer. &#8211; Hvorfor betale for ting du gjerne ikke benytter likevel.<\/p>\t\t\t\t\t\t\t\t<\/div>\n\t\t\t\t<\/div>\n\t\t\t\t<div class=\"elementor-element elementor-element-2fa132af elementor-widget__width-initial elementor-widget-tablet__width-inherit elementor-widget elementor-widget-text-editor\" data-id=\"2fa132af\" data-element_type=\"widget\" data-e-type=\"widget\" data-widget_type=\"text-editor.default\">\n\t\t\t\t<div class=\"elementor-widget-container\">\n\t\t\t\t\t\t\t\t\t<p>Vi har til gjengjeld dedikert et betraktelig st\u00f8rre omr\u00e5de t til alt tenkelig kondisjons-, apparat-, styrke og funksjonelt treningsutstyr av ypperste kvalitet.<\/p><p>\u00a0<\/p>\t\t\t\t\t\t\t\t<\/div>\n\t\t\t\t<\/div>\n\t\t\t\t\t<\/div>\n\t\t<\/div>\n\t\t\t\t<div class=\"elementor-column elementor-col-50 elementor-top-column elementor-element elementor-element-58a7d360\" data-id=\"58a7d360\" data-element_type=\"column\" data-e-type=\"column\">\n\t\t\t<div class=\"elementor-widget-wrap elementor-element-populated\">\n\t\t\t\t\t\t<div class=\"elementor-element elementor-element-75700468 elementor-widget elementor-widget-image\" data-id=\"75700468\" data-element_type=\"widget\" data-e-type=\"widget\" data-widget_type=\"image.default\">\n\t\t\t\t<div class=\"elementor-widget-container\">\n\t\t\t\t\t\t\t\t\t\t\t\t\t\t\t<img decoding=\"async\" width=\"1024\" height=\"683\" src=\"https:\/\/energi-trening.no\/askoy\/wp-content\/uploads\/sites\/3\/2023\/01\/velkommen_til_energi_trening_askoy-1024x683-1.jpg\" class=\"attachment-full size-full wp-image-560\" alt=\"\" srcset=\"https:\/\/energi-trening.no\/askoy\/wp-content\/uploads\/sites\/3\/2023\/01\/velkommen_til_energi_trening_askoy-1024x683-1.jpg 1024w, https:\/\/energi-trening.no\/askoy\/wp-content\/uploads\/sites\/3\/2023\/01\/velkommen_til_energi_trening_askoy-1024x683-1-300x200.jpg 300w, https:\/\/energi-trening.no\/askoy\/wp-content\/uploads\/sites\/3\/2023\/01\/velkommen_til_energi_trening_askoy-1024x683-1-768x512.jpg 768w\" sizes=\"(max-width: 1024px) 100vw, 1024px\" \/>\t\t\t\t\t\t\t\t\t\t\t\t\t\t\t<\/div>\n\t\t\t\t<\/div>\n\t\t\t\t\t<\/div>\n\t\t<\/div>\n\t\t\t\t\t<\/div>\n\t\t<\/section>\n\t\t\t\t<\/div>\n\t\t","protected":false},"excerpt":{"rendered":"<p>Om oss Energi Trening Ask\u00f8y holder til p\u00e5 Juvikflaten, like bak Rema 1000. Vi har godt med parkering og du er hjertelig velkommen til oss p\u00e5 bes\u00f8k. Bla nedover F\u00f8rste senteret i kjeden Vi \u00e5pnet v\u00e5rt f\u00f8rste senter p\u00e5 Ask\u00f8y oktober 2010, og har f\u00e5tt en fantastisk mottakelse her. P\u00e5 Ask\u00f8y tilbyr vi alt fra [&hellip;]<\/p>\n","protected":false},"author":3,"featured_media":0,"parent":0,"menu_order":0,"comment_status":"closed","ping_status":"closed","template":"elementor_header_footer","meta":{"footnotes":""},"class_list":["post-246","page","type-page","status-publish","hentry"],"yoast_head":"<!-- This site is optimized with the Yoast SEO plugin v27.4 - https:\/\/yoast.com\/product\/yoast-seo-wordpress\/ -->\n<title>Om oss | Energi Trening | Ask\u00f8y<\/title>\n<meta name=\"description\" content=\"Vi har godt med parkering og du er hjertelig velkommen til oss p\u00e5 bes\u00f8k. Vi har ogs\u00e5 Bootcamp p\u00e5 Energi Trening Ask\u00f8y.\" \/>\n<meta name=\"robots\" content=\"index, follow, max-snippet:-1, max-image-preview:large, max-video-preview:-1\" \/>\n<link rel=\"canonical\" href=\"https:\/\/energi-trening.no\/askoy\/om-oss\/\" \/>\n<meta property=\"og:locale\" content=\"nb_NO\" \/>\n<meta property=\"og:type\" content=\"article\" \/>\n<meta property=\"og:title\" content=\"Om oss | Energi Trening | Ask\u00f8y\" \/>\n<meta property=\"og:description\" content=\"Vi har godt med parkering og du er hjertelig velkommen til oss p\u00e5 bes\u00f8k. Vi har ogs\u00e5 Bootcamp p\u00e5 Energi Trening Ask\u00f8y.\" \/>\n<meta property=\"og:url\" content=\"https:\/\/energi-trening.no\/askoy\/om-oss\/\" \/>\n<meta property=\"og:site_name\" content=\"Energi Trening | Ask\u00f8y\" \/>\n<meta property=\"article:modified_time\" content=\"2023-01-16T21:49:52+00:00\" \/>\n<meta property=\"og:image\" content=\"https:\/\/energi-trening.no\/askoy\/wp-content\/uploads\/sites\/3\/2023\/01\/treningssenteret_energi_trening_askoy-1024x682-1.jpg\" \/>\n<meta name=\"twitter:card\" content=\"summary_large_image\" \/>\n<meta name=\"twitter:label1\" content=\"Ansl. lesetid\" \/>\n\t<meta name=\"twitter:data1\" content=\"2 minutter\" \/>\n<script type=\"application\/ld+json\" class=\"yoast-schema-graph\">{\"@context\":\"https:\\\/\\\/schema.org\",\"@graph\":[{\"@type\":\"WebPage\",\"@id\":\"https:\\\/\\\/energi-trening.no\\\/askoy\\\/om-oss\\\/\",\"url\":\"https:\\\/\\\/energi-trening.no\\\/askoy\\\/om-oss\\\/\",\"name\":\"Om oss | Energi Trening | Ask\u00f8y\",\"isPartOf\":{\"@id\":\"https:\\\/\\\/energi-trening.no\\\/askoy\\\/#website\"},\"primaryImageOfPage\":{\"@id\":\"https:\\\/\\\/energi-trening.no\\\/askoy\\\/om-oss\\\/#primaryimage\"},\"image\":{\"@id\":\"https:\\\/\\\/energi-trening.no\\\/askoy\\\/om-oss\\\/#primaryimage\"},\"thumbnailUrl\":\"https:\\\/\\\/energi-trening.no\\\/askoy\\\/wp-content\\\/uploads\\\/sites\\\/3\\\/2023\\\/01\\\/treningssenteret_energi_trening_askoy-1024x682-1.jpg\",\"datePublished\":\"2022-11-26T05:50:55+00:00\",\"dateModified\":\"2023-01-16T21:49:52+00:00\",\"description\":\"Vi har godt med parkering og du er hjertelig velkommen til oss p\u00e5 bes\u00f8k. Vi har ogs\u00e5 Bootcamp p\u00e5 Energi Trening Ask\u00f8y.\",\"breadcrumb\":{\"@id\":\"https:\\\/\\\/energi-trening.no\\\/askoy\\\/om-oss\\\/#breadcrumb\"},\"inLanguage\":\"nb-NO\",\"potentialAction\":[{\"@type\":\"ReadAction\",\"target\":[\"https:\\\/\\\/energi-trening.no\\\/askoy\\\/om-oss\\\/\"]}]},{\"@type\":\"ImageObject\",\"inLanguage\":\"nb-NO\",\"@id\":\"https:\\\/\\\/energi-trening.no\\\/askoy\\\/om-oss\\\/#primaryimage\",\"url\":\"https:\\\/\\\/energi-trening.no\\\/askoy\\\/wp-content\\\/uploads\\\/sites\\\/3\\\/2023\\\/01\\\/treningssenteret_energi_trening_askoy-1024x682-1.jpg\",\"contentUrl\":\"https:\\\/\\\/energi-trening.no\\\/askoy\\\/wp-content\\\/uploads\\\/sites\\\/3\\\/2023\\\/01\\\/treningssenteret_energi_trening_askoy-1024x682-1.jpg\",\"width\":1024,\"height\":682},{\"@type\":\"BreadcrumbList\",\"@id\":\"https:\\\/\\\/energi-trening.no\\\/askoy\\\/om-oss\\\/#breadcrumb\",\"itemListElement\":[{\"@type\":\"ListItem\",\"position\":1,\"name\":\"Hjem\",\"item\":\"https:\\\/\\\/energi-trening.no\\\/askoy\\\/\"},{\"@type\":\"ListItem\",\"position\":2,\"name\":\"Om oss\"}]},{\"@type\":\"WebSite\",\"@id\":\"https:\\\/\\\/energi-trening.no\\\/askoy\\\/#website\",\"url\":\"https:\\\/\\\/energi-trening.no\\\/askoy\\\/\",\"name\":\"Energi Trening | Ask\u00f8y\",\"description\":\"\",\"publisher\":{\"@id\":\"https:\\\/\\\/energi-trening.no\\\/askoy\\\/#organization\"},\"potentialAction\":[{\"@type\":\"SearchAction\",\"target\":{\"@type\":\"EntryPoint\",\"urlTemplate\":\"https:\\\/\\\/energi-trening.no\\\/askoy\\\/?s={search_term_string}\"},\"query-input\":{\"@type\":\"PropertyValueSpecification\",\"valueRequired\":true,\"valueName\":\"search_term_string\"}}],\"inLanguage\":\"nb-NO\"},{\"@type\":\"Organization\",\"@id\":\"https:\\\/\\\/energi-trening.no\\\/askoy\\\/#organization\",\"name\":\"Energi Trening | Ask\u00f8y\",\"url\":\"https:\\\/\\\/energi-trening.no\\\/askoy\\\/\",\"logo\":{\"@type\":\"ImageObject\",\"inLanguage\":\"nb-NO\",\"@id\":\"https:\\\/\\\/energi-trening.no\\\/askoy\\\/#\\\/schema\\\/logo\\\/image\\\/\",\"url\":\"https:\\\/\\\/energi-trening.no\\\/askoy\\\/wp-content\\\/uploads\\\/sites\\\/3\\\/2022\\\/11\\\/logo.svg\",\"contentUrl\":\"https:\\\/\\\/energi-trening.no\\\/askoy\\\/wp-content\\\/uploads\\\/sites\\\/3\\\/2022\\\/11\\\/logo.svg\",\"width\":190,\"height\":58,\"caption\":\"Energi Trening | Ask\u00f8y\"},\"image\":{\"@id\":\"https:\\\/\\\/energi-trening.no\\\/askoy\\\/#\\\/schema\\\/logo\\\/image\\\/\"}}]}<\/script>\n<!-- \/ Yoast SEO plugin. -->","yoast_head_json":{"title":"Om oss | Energi Trening | Ask\u00f8y","description":"Vi har godt med parkering og du er hjertelig velkommen til oss p\u00e5 bes\u00f8k. Vi har ogs\u00e5 Bootcamp p\u00e5 Energi Trening Ask\u00f8y.","robots":{"index":"index","follow":"follow","max-snippet":"max-snippet:-1","max-image-preview":"max-image-preview:large","max-video-preview":"max-video-preview:-1"},"canonical":"https:\/\/energi-trening.no\/askoy\/om-oss\/","og_locale":"nb_NO","og_type":"article","og_title":"Om oss | Energi Trening | Ask\u00f8y","og_description":"Vi har godt med parkering og du er hjertelig velkommen til oss p\u00e5 bes\u00f8k. Vi har ogs\u00e5 Bootcamp p\u00e5 Energi Trening Ask\u00f8y.","og_url":"https:\/\/energi-trening.no\/askoy\/om-oss\/","og_site_name":"Energi Trening | Ask\u00f8y","article_modified_time":"2023-01-16T21:49:52+00:00","og_image":[{"url":"https:\/\/energi-trening.no\/askoy\/wp-content\/uploads\/sites\/3\/2023\/01\/treningssenteret_energi_trening_askoy-1024x682-1.jpg","type":"","width":"","height":""}],"twitter_card":"summary_large_image","twitter_misc":{"Ansl. lesetid":"2 minutter"},"schema":{"@context":"https:\/\/schema.org","@graph":[{"@type":"WebPage","@id":"https:\/\/energi-trening.no\/askoy\/om-oss\/","url":"https:\/\/energi-trening.no\/askoy\/om-oss\/","name":"Om oss | Energi Trening | Ask\u00f8y","isPartOf":{"@id":"https:\/\/energi-trening.no\/askoy\/#website"},"primaryImageOfPage":{"@id":"https:\/\/energi-trening.no\/askoy\/om-oss\/#primaryimage"},"image":{"@id":"https:\/\/energi-trening.no\/askoy\/om-oss\/#primaryimage"},"thumbnailUrl":"https:\/\/energi-trening.no\/askoy\/wp-content\/uploads\/sites\/3\/2023\/01\/treningssenteret_energi_trening_askoy-1024x682-1.jpg","datePublished":"2022-11-26T05:50:55+00:00","dateModified":"2023-01-16T21:49:52+00:00","description":"Vi har godt med parkering og du er hjertelig velkommen til oss p\u00e5 bes\u00f8k. Vi har ogs\u00e5 Bootcamp p\u00e5 Energi Trening Ask\u00f8y.","breadcrumb":{"@id":"https:\/\/energi-trening.no\/askoy\/om-oss\/#breadcrumb"},"inLanguage":"nb-NO","potentialAction":[{"@type":"ReadAction","target":["https:\/\/energi-trening.no\/askoy\/om-oss\/"]}]},{"@type":"ImageObject","inLanguage":"nb-NO","@id":"https:\/\/energi-trening.no\/askoy\/om-oss\/#primaryimage","url":"https:\/\/energi-trening.no\/askoy\/wp-content\/uploads\/sites\/3\/2023\/01\/treningssenteret_energi_trening_askoy-1024x682-1.jpg","contentUrl":"https:\/\/energi-trening.no\/askoy\/wp-content\/uploads\/sites\/3\/2023\/01\/treningssenteret_energi_trening_askoy-1024x682-1.jpg","width":1024,"height":682},{"@type":"BreadcrumbList","@id":"https:\/\/energi-trening.no\/askoy\/om-oss\/#breadcrumb","itemListElement":[{"@type":"ListItem","position":1,"name":"Hjem","item":"https:\/\/energi-trening.no\/askoy\/"},{"@type":"ListItem","position":2,"name":"Om oss"}]},{"@type":"WebSite","@id":"https:\/\/energi-trening.no\/askoy\/#website","url":"https:\/\/energi-trening.no\/askoy\/","name":"Energi Trening | Ask\u00f8y","description":"","publisher":{"@id":"https:\/\/energi-trening.no\/askoy\/#organization"},"potentialAction":[{"@type":"SearchAction","target":{"@type":"EntryPoint","urlTemplate":"https:\/\/energi-trening.no\/askoy\/?s={search_term_string}"},"query-input":{"@type":"PropertyValueSpecification","valueRequired":true,"valueName":"search_term_string"}}],"inLanguage":"nb-NO"},{"@type":"Organization","@id":"https:\/\/energi-trening.no\/askoy\/#organization","name":"Energi Trening | Ask\u00f8y","url":"https:\/\/energi-trening.no\/askoy\/","logo":{"@type":"ImageObject","inLanguage":"nb-NO","@id":"https:\/\/energi-trening.no\/askoy\/#\/schema\/logo\/image\/","url":"https:\/\/energi-trening.no\/askoy\/wp-content\/uploads\/sites\/3\/2022\/11\/logo.svg","contentUrl":"https:\/\/energi-trening.no\/askoy\/wp-content\/uploads\/sites\/3\/2022\/11\/logo.svg","width":190,"height":58,"caption":"Energi Trening | Ask\u00f8y"},"image":{"@id":"https:\/\/energi-trening.no\/askoy\/#\/schema\/logo\/image\/"}}]}},"_links":{"self":[{"href":"https:\/\/energi-trening.no\/askoy\/wp-json\/wp\/v2\/pages\/246","targetHints":{"allow":["GET"]}}],"collection":[{"href":"https:\/\/energi-trening.no\/askoy\/wp-json\/wp\/v2\/pages"}],"about":[{"href":"https:\/\/energi-trening.no\/askoy\/wp-json\/wp\/v2\/types\/page"}],"author":[{"embeddable":true,"href":"https:\/\/energi-trening.no\/askoy\/wp-json\/wp\/v2\/users\/3"}],"replies":[{"embeddable":true,"href":"https:\/\/energi-trening.no\/askoy\/wp-json\/wp\/v2\/comments?post=246"}],"version-history":[{"count":17,"href":"https:\/\/energi-trening.no\/askoy\/wp-json\/wp\/v2\/pages\/246\/revisions"}],"predecessor-version":[{"id":696,"href":"https:\/\/energi-trening.no\/askoy\/wp-json\/wp\/v2\/pages\/246\/revisions\/696"}],"wp:attachment":[{"href":"https:\/\/energi-trening.no\/askoy\/wp-json\/wp\/v2\/media?parent=246"}],"curies":[{"name":"wp","href":"https:\/\/api.w.org\/{rel}","templated":true}]}}